{"id":34,"date":"2020-11-02T15:32:59","date_gmt":"2020-11-02T15:32:59","guid":{"rendered":"https:\/\/exquisitefruits.com\/?page_id=34"},"modified":"2020-11-20T10:15:05","modified_gmt":"2020-11-20T10:15:05","slug":"trabaja-con-nosotros","status":"publish","type":"page","link":"https:\/\/exquisitefruits.com\/es\/trabaja-con-nosotros\/","title":{"rendered":"Trabaja con nosotros"},"content":{"rendered":"<p>[et_pb_section fb_built=\u00bb1&#8243; _builder_version=\u00bb4.6.6&#8243; _module_preset=\u00bbdefault\u00bb title_text=\u00bbtrabaja-con-nosotros\u00bb background_image=\u00bbhttps:\/\/exquisitefruits.com\/wp-content\/uploads\/2020\/11\/trabaja-con-nosotros.jpg\u00bb hover_enabled=\u00bb0&#8243; sticky_enabled=\u00bb0&#8243; custom_padding=\u00bb10%||10%||true|false\u00bb][\/et_pb_section][et_pb_section fb_built=\u00bb1&#8243; _builder_version=\u00bb4.6.6&#8243; _module_preset=\u00bbdefault\u00bb][et_pb_row _builder_version=\u00bb4.6.6&#8243; _module_preset=\u00bbdefault\u00bb][et_pb_column _builder_version=\u00bb4.6.6&#8243; _module_preset=\u00bbdefault\u00bb type=\u00bb4_4&#8243;][et_pb_text _builder_version=\u00bb4.6.6&#8243; _module_preset=\u00bbdefault\u00bb header_2_font=\u00bb|||on|||||\u00bb header_2_text_align=\u00bbcenter\u00bb hover_enabled=\u00bb0&#8243; sticky_enabled=\u00bb0&#8243;]<\/p>\n<h2>Trabaja con nosostros<\/h2>\n<p>[\/et_pb_text][et_pb_text _builder_version=\u00bb4.6.6&#8243; _module_preset=\u00bbdefault\u00bb header_2_font=\u00bb|||on|||||\u00bb header_2_text_align=\u00bbcenter\u00bb hover_enabled=\u00bb0&#8243; sticky_enabled=\u00bb0&#8243;]<\/p>\n<p class=\"content-section-subtitle\">Si te atrae la idea de formar parte de nuestro equipo, rellena el siguiente formulario con tus datos y adjunta tu CV. Esperamos conocerte muy pronto.<\/p>\n<p>[\/et_pb_text][\/et_pb_column][\/et_pb_row][et_pb_row _builder_version=\u00bb4.6.6&#8243; _module_preset=\u00bbdefault\u00bb][et_pb_column _builder_version=\u00bb4.6.6&#8243; _module_preset=\u00bbdefault\u00bb type=\u00bb4_4&#8243;][dvppl_cf7_styler _builder_version=\u00bb4.6.6&#8243; _module_preset=\u00bbdefault\u00bb cf7=\u00bb23687&#8243; hover_enabled=\u00bb0&#8243; sticky_enabled=\u00bb0&#8243;][\/dvppl_cf7_styler][\/et_pb_column][\/et_pb_row][\/et_pb_section]<\/p>\n","protected":false},"excerpt":{"rendered":"<p>Trabaja con nosostros Si te atrae la idea de formar parte de nuestro equipo, rellena el siguiente formulario con tus datos y adjunta tu CV. Esperamos conocerte muy pronto. <div class=\"et_pb_module dvppl_cf7_styler dvppl_cf7_styler_0\">\n\t\t\t\t\n\t\t\t\t\n\t\t\t\t\n\t\t\t\t\n\t\t\t\t\n\t\t\t\t\n\t\t\t\t<div class=\"et_pb_module_inner\">\n\t\t\t\t\t<div class=\"dipe-cf7-container dipe-cf7-button-left\">\n\t\t\t\t\n\t\t\t\t<div class=\"dipe-cf7 dipe-cf7-styler \">\n\t\t\t\t\t\n<div class=\"wpcf7 no-js\" id=\"wpcf7-f23687-o1\" lang=\"es-ES\" dir=\"ltr\">\n<div class=\"screen-reader-response\"><p role=\"status\" aria-live=\"polite\" aria-atomic=\"true\"><\/p> <ul><\/ul><\/div>\n<form action=\"\/es\/wp-json\/wp\/v2\/pages\/34#wpcf7-f23687-o1\" method=\"post\" class=\"wpcf7-form init\" aria-label=\"Formulario de contacto\" enctype=\"multipart\/form-data\" novalidate=\"novalidate\" data-status=\"init\">\n<div style=\"display: none;\">\n<input type=\"hidden\" name=\"_wpcf7\" value=\"23687\" \/>\n<input type=\"hidden\" name=\"_wpcf7_version\" value=\"5.7.7\" \/>\n<input type=\"hidden\" name=\"_wpcf7_locale\" value=\"es_ES\" \/>\n<input type=\"hidden\" name=\"_wpcf7_unit_tag\" value=\"wpcf7-f23687-o1\" \/>\n<input type=\"hidden\" name=\"_wpcf7_container_post\" value=\"0\" \/>\n<input type=\"hidden\" name=\"_wpcf7_posted_data_hash\" value=\"\" \/>\n<\/div>\n<div class=\"formulario-contacto\">\n    <div class=\"dp-row\">\n\t\t\t\t\n    <div class=\"dp-col dp-col-12 dp-col-md-6 dp-col-lg-6\">\n\t\t\t\t<span class=\"wpcf7-form-control-wrap\" data-name=\"nombre\"><input size=\"40\" class=\"wpcf7-form-control wpcf7-text wpcf7-validates-as-required\" aria-required=\"true\" aria-invalid=\"false\" placeholder=\"Nombre (Requerido)\" value=\"\" type=\"text\" name=\"nombre\" \/><\/span>\n        \t<\/div>\n    <div class=\"dp-col dp-col-12 dp-col-md-6 dp-col-lg-6\">\n\t\t\t\t<span class=\"wpcf7-form-control-wrap\" data-name=\"apellidos\"><input size=\"40\" class=\"wpcf7-form-control wpcf7-text wpcf7-validates-as-required\" aria-required=\"true\" aria-invalid=\"false\" placeholder=\"Apellidos (Requerido)\" value=\"\" type=\"text\" name=\"apellidos\" \/><\/span>\n        \t<\/div>\n    \n        \t<\/div>\n\n    <div class=\"dp-row\">\n\t\t\t\t\n    <div class=\"dp-col dp-col-12 dp-col-md-6 dp-col-lg-6\">\n\t\t\t\t<span class=\"wpcf7-form-control-wrap\" data-name=\"telefono\"><input size=\"40\" class=\"wpcf7-form-control wpcf7-text wpcf7-tel wpcf7-validates-as-tel\" aria-invalid=\"false\" placeholder=\"Telefono\" value=\"\" type=\"tel\" name=\"telefono\" \/><\/span>\n        \t<\/div>\n    <div class=\"dp-col dp-col-12 dp-col-md-6 dp-col-lg-6\">\n\t\t\t\t<span class=\"wpcf7-form-control-wrap\" data-name=\"email\"><input size=\"40\" class=\"wpcf7-form-control wpcf7-text wpcf7-email wpcf7-validates-as-required wpcf7-validates-as-email\" aria-required=\"true\" aria-invalid=\"false\" placeholder=\"Email (Requerido)\" value=\"\" type=\"email\" name=\"email\" \/><\/span>\n        \t<\/div>\n    \n        \t<\/div>\n\n    <div class=\"dp-row\">\n\t\t\t\t\n    <div class=\"dp-col dp-col-12 dp-col-md-6 dp-col-lg-6\">\n\t\t\t\t<span class=\"wpcf7-form-control-wrap\" data-name=\"formacion-academica\"><select class=\"wpcf7-form-control wpcf7-select\" aria-invalid=\"false\" name=\"formacion-academica\"><option value=\"Sin cualificar\">Sin cualificar<\/option><option value=\"Formaci\u00f3n profesional\">Formaci\u00f3n profesional<\/option><option value=\"Formaci\u00f3n t\u00e9cnica - Diplomatura\">Formaci\u00f3n t\u00e9cnica - Diplomatura<\/option><option value=\"Ingenier\u00eda - Licenciatura\">Ingenier\u00eda - Licenciatura<\/option><option value=\"Posgrado\">Posgrado<\/option><\/select><\/span>\n        \t<\/div>\n    <div class=\"dp-col dp-col-12 dp-col-md-6 dp-col-lg-6\">\n\t\t\t\t<span class=\"wpcf7-form-control-wrap\" data-name=\"titulacion\"><input size=\"40\" class=\"wpcf7-form-control wpcf7-text\" aria-invalid=\"false\" placeholder=\"Titulaci\u00f3n\" value=\"\" type=\"text\" name=\"titulacion\" \/><\/span>\n        \t<\/div>\n    \n        \t<\/div>\n\n    <div class=\"dp-row\">\n\t\t\t\t\n    <div class=\"dp-col dp-col-12 dp-col-md-6 dp-col-lg-6\">\n\t\t\t\t<span class=\"wpcf7-form-control-wrap\" data-name=\"idiomas\"><span class=\"wpcf7-form-control wpcf7-checkbox\"><span class=\"wpcf7-list-item first\"><label><input type=\"checkbox\" name=\"idiomas&#091;&#093;\" value=\"Ingl\u00e9s\" \/><span class=\"wpcf7-list-item-label\">Ingl\u00e9s<\/span><\/label><\/span><span class=\"wpcf7-list-item\"><label><input type=\"checkbox\" name=\"idiomas&#091;&#093;\" value=\"Franc\u00e9s\" \/><span class=\"wpcf7-list-item-label\">Franc\u00e9s<\/span><\/label><\/span><span class=\"wpcf7-list-item\"><label><input type=\"checkbox\" name=\"idiomas&#091;&#093;\" value=\"Alem\u00e1n\" \/><span class=\"wpcf7-list-item-label\">Alem\u00e1n<\/span><\/label><\/span><span class=\"wpcf7-list-item\"><label><input type=\"checkbox\" name=\"idiomas&#091;&#093;\" value=\"\u00c1rabe\" \/><span class=\"wpcf7-list-item-label\">\u00c1rabe<\/span><\/label><\/span><span class=\"wpcf7-list-item\"><label><input type=\"checkbox\" name=\"idiomas&#091;&#093;\" value=\"Chino\" \/><span class=\"wpcf7-list-item-label\">Chino<\/span><\/label><\/span><span class=\"wpcf7-list-item\"><label><input type=\"checkbox\" name=\"idiomas&#091;&#093;\" value=\"Italiano\" \/><span class=\"wpcf7-list-item-label\">Italiano<\/span><\/label><\/span><span class=\"wpcf7-list-item last\"><label><input type=\"checkbox\" name=\"idiomas&#091;&#093;\" value=\"Otros (Especificar en observaciones)\" \/><span class=\"wpcf7-list-item-label\">Otros (Especificar en observaciones)<\/span><\/label><\/span><\/span><\/span>\n        \t<\/div>\n    <div class=\"dp-col dp-col-12 dp-col-md-6 dp-col-lg-6\">\n\t\t\t\t<span class=\"wpcf7-form-control-wrap\" data-name=\"fecha-nacimiento\"><input class=\"wpcf7-form-control wpcf7-date wpcf7-validates-as-date\" aria-invalid=\"false\" value=\"Fecha de nacimiento\" type=\"date\" name=\"fecha-nacimiento\" \/><\/span>\n        \t<\/div>\n    \n        \t<\/div>\n\n    <div class=\"dp-row\">\n\t\t\t\t\n    <div class=\"dp-col dp-col-12\">\n\t\t\t\t<span class=\"wpcf7-form-control-wrap\" data-name=\"cv\"><input size=\"40\" class=\"wpcf7-form-control wpcf7-file\" accept=\".pdf,.doc,.docx\" aria-invalid=\"false\" type=\"file\" name=\"cv\" \/><\/span>\n\n        \t<\/div>\n    \n        \t<\/div>\n\n    <div class=\"dp-row\">\n\t\t\t\t\n    <div class=\"dp-col dp-col-12\">\n\t\t\t\t<span class=\"wpcf7-form-control-wrap\" data-name=\"observaciones\"><textarea cols=\"40\" rows=\"10\" class=\"wpcf7-form-control wpcf7-textarea\" aria-invalid=\"false\" placeholder=\"Observaciones\" name=\"observaciones\"><\/textarea><\/span>\n        \t<\/div>\n    \n        \t<\/div>\n\n    <div class=\"dp-row\">\n\t\t\t\t\n    <div class=\"dp-col dp-col-12\">\n\t\t\t\t<span class=\"wpcf7-form-control-wrap\" data-name=\"aceptacion-rgpd\"><span class=\"wpcf7-form-control wpcf7-acceptance\"><span class=\"wpcf7-list-item\"><input type=\"checkbox\" name=\"aceptacion-rgpd\" value=\"1\" aria-invalid=\"false\" \/><\/span><\/span><\/span>He le\u00eddo y acepto el <a href=\"\" target=\"_blank\">aviso legal<\/a> y la <a href=\"\" target=\"_blank\">pol\u00edtica de privacidad<\/a>\n        \t<\/div>\n    \n        \t<\/div>\n\n    <div class=\"dp-row\">\n\t\t\t\t\n    <p style=\"font-size:10pt; padding:0px 10px; text-align:justify;\">A los efectos previstos en el Reglamento 2016\/679, sobre Protecci\u00f3n de Datos de Car\u00e1cter Personal, se le informa que los datos personales que nos facilita a trav\u00e9s de este formulario se incorporar\u00e1n a un fichero de la entidad con la finalidad de dar respuesta a sus preguntas y sugerencias. Ud. tiene derecho al acceso, rectificaci\u00f3n, cancelaci\u00f3n, oposici\u00f3n, derecho al olvido y portabilidad  en los t\u00e9rminos previstos en el RGPD, que podr\u00e1 ejercitar por escrito dirigido a: Plaza del Prado 21, 46702 Gandia o en el email: info@exquisitefruits.com<\/p>\n    \n        \t<\/div>\n\n    <div class=\"dp-row\">\n\t\t\t\t\n    <div class=\"dp-col dp-col-12\">\n\t\t\t\t<input class=\"wpcf7-form-control has-spinner wpcf7-submit\" type=\"submit\" value=\"Enviar\" \/>\n        \t<\/div>\n    \n        \t<\/div>\n<\/div><div class=\"wpcf7-response-output\" aria-hidden=\"true\"><\/div>\n<\/form>\n<\/div>\n\n\t\t\t\t<\/div>\n\t\t\t<\/div>\n\t\t\t\t<\/div>\n\t\t\t<\/div><\/p>\n","protected":false},"author":1,"featured_media":0,"parent":0,"menu_order":0,"comment_status":"closed","ping_status":"closed","template":"","meta":{"_et_pb_use_builder":"on","_et_pb_old_content":"","_et_gb_content_width":"","footnotes":""},"class_list":["post-34","page","type-page","status-publish","hentry"],"yoast_head":"<!-- This site is optimized with the Yoast SEO plugin v20.10 - https:\/\/yoast.com\/wordpress\/plugins\/seo\/ -->\n<title>Trabaja con nosotros - Exquisite Fruits<\/title>\n<meta name=\"robots\" content=\"index, follow, max-snippet:-1, max-image-preview:large, max-video-preview:-1\" \/>\n<link rel=\"canonical\" href=\"https:\/\/exquisitefruits.com\/trabaja-con-nosotros\/\" \/>\n<meta property=\"og:locale\" content=\"es_ES\" \/>\n<meta property=\"og:type\" content=\"article\" \/>\n<meta property=\"og:title\" content=\"Trabaja con nosotros - Exquisite Fruits\" \/>\n<meta property=\"og:description\" content=\"Trabaja con nosostros Si te atrae la idea de formar parte de nuestro equipo, rellena el siguiente formulario con tus datos y adjunta tu CV. Esperamos conocerte muy pronto.\" \/>\n<meta property=\"og:url\" content=\"https:\/\/exquisitefruits.com\/trabaja-con-nosotros\/\" \/>\n<meta property=\"og:site_name\" content=\"Exquisite Fruits\" \/>\n<meta property=\"article:publisher\" content=\"https:\/\/www.facebook.com\/ExquisiteFruits\" \/>\n<meta property=\"article:modified_time\" content=\"2020-11-20T10:15:05+00:00\" \/>\n<meta name=\"twitter:card\" content=\"summary_large_image\" \/>\n<meta name=\"twitter:site\" content=\"@ExquisiteFruits\" \/>\n<meta name=\"twitter:label1\" content=\"Tiempo de lectura\" \/>\n\t<meta name=\"twitter:data1\" content=\"1 minuto\" \/>\n<script type=\"application\/ld+json\" class=\"yoast-schema-graph\">{\"@context\":\"https:\/\/schema.org\",\"@graph\":[{\"@type\":\"WebPage\",\"@id\":\"https:\/\/exquisitefruits.com\/trabaja-con-nosotros\/\",\"url\":\"https:\/\/exquisitefruits.com\/trabaja-con-nosotros\/\",\"name\":\"Trabaja con nosotros - Exquisite Fruits\",\"isPartOf\":{\"@id\":\"https:\/\/exquisitefruits.com\/#website\"},\"datePublished\":\"2020-11-02T15:32:59+00:00\",\"dateModified\":\"2020-11-20T10:15:05+00:00\",\"breadcrumb\":{\"@id\":\"https:\/\/exquisitefruits.com\/trabaja-con-nosotros\/#breadcrumb\"},\"inLanguage\":\"es\",\"potentialAction\":[{\"@type\":\"ReadAction\",\"target\":[\"https:\/\/exquisitefruits.com\/trabaja-con-nosotros\/\"]}]},{\"@type\":\"BreadcrumbList\",\"@id\":\"https:\/\/exquisitefruits.com\/trabaja-con-nosotros\/#breadcrumb\",\"itemListElement\":[{\"@type\":\"ListItem\",\"position\":1,\"name\":\"Portada\",\"item\":\"https:\/\/exquisitefruits.com\/es\/\"},{\"@type\":\"ListItem\",\"position\":2,\"name\":\"Trabaja con nosotros\"}]},{\"@type\":\"WebSite\",\"@id\":\"https:\/\/exquisitefruits.com\/#website\",\"url\":\"https:\/\/exquisitefruits.com\/\",\"name\":\"Exquisite Fruits\",\"description\":\"Exportaci\u00f3n de fruta y verdura\",\"potentialAction\":[{\"@type\":\"SearchAction\",\"target\":{\"@type\":\"EntryPoint\",\"urlTemplate\":\"https:\/\/exquisitefruits.com\/?s={search_term_string}\"},\"query-input\":\"required name=search_term_string\"}],\"inLanguage\":\"es\"}]}<\/script>\n<!-- \/ Yoast SEO plugin. -->","yoast_head_json":{"title":"Trabaja con nosotros - Exquisite Fruits","robots":{"index":"index","follow":"follow","max-snippet":"max-snippet:-1","max-image-preview":"max-image-preview:large","max-video-preview":"max-video-preview:-1"},"canonical":"https:\/\/exquisitefruits.com\/trabaja-con-nosotros\/","og_locale":"es_ES","og_type":"article","og_title":"Trabaja con nosotros - Exquisite Fruits","og_description":"Trabaja con nosostros Si te atrae la idea de formar parte de nuestro equipo, rellena el siguiente formulario con tus datos y adjunta tu CV. Esperamos conocerte muy pronto.","og_url":"https:\/\/exquisitefruits.com\/trabaja-con-nosotros\/","og_site_name":"Exquisite Fruits","article_publisher":"https:\/\/www.facebook.com\/ExquisiteFruits","article_modified_time":"2020-11-20T10:15:05+00:00","twitter_card":"summary_large_image","twitter_site":"@ExquisiteFruits","twitter_misc":{"Tiempo de lectura":"1 minuto"},"schema":{"@context":"https:\/\/schema.org","@graph":[{"@type":"WebPage","@id":"https:\/\/exquisitefruits.com\/trabaja-con-nosotros\/","url":"https:\/\/exquisitefruits.com\/trabaja-con-nosotros\/","name":"Trabaja con nosotros - Exquisite Fruits","isPartOf":{"@id":"https:\/\/exquisitefruits.com\/#website"},"datePublished":"2020-11-02T15:32:59+00:00","dateModified":"2020-11-20T10:15:05+00:00","breadcrumb":{"@id":"https:\/\/exquisitefruits.com\/trabaja-con-nosotros\/#breadcrumb"},"inLanguage":"es","potentialAction":[{"@type":"ReadAction","target":["https:\/\/exquisitefruits.com\/trabaja-con-nosotros\/"]}]},{"@type":"BreadcrumbList","@id":"https:\/\/exquisitefruits.com\/trabaja-con-nosotros\/#breadcrumb","itemListElement":[{"@type":"ListItem","position":1,"name":"Portada","item":"https:\/\/exquisitefruits.com\/es\/"},{"@type":"ListItem","position":2,"name":"Trabaja con nosotros"}]},{"@type":"WebSite","@id":"https:\/\/exquisitefruits.com\/#website","url":"https:\/\/exquisitefruits.com\/","name":"Exquisite Fruits","description":"Exportaci\u00f3n de fruta y verdura","potentialAction":[{"@type":"SearchAction","target":{"@type":"EntryPoint","urlTemplate":"https:\/\/exquisitefruits.com\/?s={search_term_string}"},"query-input":"required name=search_term_string"}],"inLanguage":"es"}]}},"_links":{"self":[{"href":"https:\/\/exquisitefruits.com\/es\/wp-json\/wp\/v2\/pages\/34","targetHints":{"allow":["GET"]}}],"collection":[{"href":"https:\/\/exquisitefruits.com\/es\/wp-json\/wp\/v2\/pages"}],"about":[{"href":"https:\/\/exquisitefruits.com\/es\/wp-json\/wp\/v2\/types\/page"}],"author":[{"embeddable":true,"href":"https:\/\/exquisitefruits.com\/es\/wp-json\/wp\/v2\/users\/1"}],"replies":[{"embeddable":true,"href":"https:\/\/exquisitefruits.com\/es\/wp-json\/wp\/v2\/comments?post=34"}],"version-history":[{"count":3,"href":"https:\/\/exquisitefruits.com\/es\/wp-json\/wp\/v2\/pages\/34\/revisions"}],"predecessor-version":[{"id":23691,"href":"https:\/\/exquisitefruits.com\/es\/wp-json\/wp\/v2\/pages\/34\/revisions\/23691"}],"wp:attachment":[{"href":"https:\/\/exquisitefruits.com\/es\/wp-json\/wp\/v2\/media?parent=34"}],"curies":[{"name":"wp","href":"https:\/\/api.w.org\/{rel}","templated":true}]}}