{"id":27631,"date":"2023-01-29T12:35:30","date_gmt":"2023-01-29T12:35:30","guid":{"rendered":"https:\/\/exquisitefruits.com\/?page_id=27631"},"modified":"2023-01-29T14:51:45","modified_gmt":"2023-01-29T14:51:45","slug":"oferta-de-trabajo-comercial-de-ventas","status":"publish","type":"page","link":"https:\/\/exquisitefruits.com\/es\/ofertas-de-trabajo-exquisite-fruits\/oferta-de-trabajo-comercial-de-ventas\/","title":{"rendered":"Oferta de trabajo: comercial de ventas"},"content":{"rendered":"<p>[et_pb_section fb_built=\u00bb1&#8243; custom_padding_last_edited=\u00bbon|desktop\u00bb _builder_version=\u00bb4.19.5&#8243; _module_preset=\u00bbdefault\u00bb use_background_color_gradient=\u00bbon\u00bb background_color_gradient_stops=\u00bbrgba(0,0,0,0.45) 0%|#000000 100%\u00bb background_color_gradient_overlays_image=\u00bbon\u00bb background_image=\u00bbhttps:\/\/exquisitefruits.com\/wp-content\/uploads\/2023\/01\/offer-job-exquisite-fruits.jpg\u00bb custom_margin=\u00bb||||false|false\u00bb custom_padding=\u00bb10%||10%||true|false\u00bb custom_padding_tablet=\u00bb20%||20%||true|false\u00bb custom_padding_phone=\u00bb20%||20%||true|false\u00bb saved_tabs=\u00bball\u00bb global_colors_info=\u00bb{}\u00bb][et_pb_row _builder_version=\u00bb4.19.5&#8243; _module_preset=\u00bbdefault\u00bb global_colors_info=\u00bb{}\u00bb][et_pb_column type=\u00bb4_4&#8243; _builder_version=\u00bb4.19.5&#8243; _module_preset=\u00bbdefault\u00bb global_colors_info=\u00bb{}\u00bb][et_pb_text _builder_version=\u00bb4.19.5&#8243; _module_preset=\u00bbdefault\u00bb header_2_text_align=\u00bbcenter\u00bb header_2_text_color=\u00bb#FFFFFF\u00bb header_2_font_size=\u00bb70px\u00bb header_2_line_height=\u00bb1.1em\u00bb hover_enabled=\u00bb0&#8243; global_colors_info=\u00bb{}\u00bb header_2_font_size_last_edited=\u00bbon|desktop\u00bb header_2_font_size_phone=\u00bb35px\u00bb sticky_enabled=\u00bb0&#8243; header_2_font_size_tablet=\u00bb55px\u00bb]<\/p>\n<h2>OFERTA DE TRABAJO PARA COMERCIAL DE VENTAS<\/h2>\n<p>[\/et_pb_text][\/et_pb_column][\/et_pb_row][\/et_pb_section][et_pb_section fb_built=\u00bb1&#8243; _builder_version=\u00bb4.19.5&#8243; _module_preset=\u00bbdefault\u00bb custom_padding=\u00bb||0px||false|false\u00bb global_colors_info=\u00bb{}\u00bb][et_pb_row _builder_version=\u00bb4.19.5&#8243; _module_preset=\u00bbdefault\u00bb global_colors_info=\u00bb{}\u00bb][et_pb_column type=\u00bb4_4&#8243; _builder_version=\u00bb4.19.5&#8243; _module_preset=\u00bbdefault\u00bb global_colors_info=\u00bb{}\u00bb][et_pb_text _builder_version=\u00bb4.19.5&#8243; _module_preset=\u00bbdefault\u00bb header_2_font=\u00bb|600||on|||||\u00bb header_2_text_align=\u00bbcenter\u00bb global_colors_info=\u00bb{}\u00bb]<\/p>\n<h2>\u00a1\u00daNETE AL EQUIPO DE EXQUISITE FRUITS!<\/h2>\n<p>[\/et_pb_text][et_pb_text _builder_version=\u00bb4.19.5&#8243; _module_preset=\u00bbdefault\u00bb global_colors_info=\u00bb{}\u00bb]<\/p>\n<p><strong>Descripci\u00f3n de la oferta:<\/strong><\/p>\n<p>En Exquisite Fruits buscamos comercial que a\u00f1ada valor a nuestra empresa con la apertura de nuevos mercados, y desarrollo de los clientes actuales que ya conf\u00edan en nuestra marca.<\/p>\n<p>Para este puesto, requerimos de una persona emprendedora con s\u00f3lidas habilidades en organizaci\u00f3n, negociaci\u00f3n y con un alto dominio del idioma del pa\u00eds a desarrollar.<\/p>\n<p>&nbsp;<\/p>\n<p><strong>Requerimientos:<\/strong><\/p>\n<p>Estudios m\u00ednimos: <strong>Educaci\u00f3n Secundaria Obligatoria<\/strong><\/p>\n<p>Experiencia m\u00ednima: <strong>No Requerida<\/strong><\/p>\n<p>Idiomas requeridos: <strong>Ingl\u00e9s &#8211; Nivel Avanzado<\/strong><\/p>\n<p>Conocimientos necesarios: <strong>Negociaci\u00f3n<\/strong><\/p>\n<p>[\/et_pb_text][et_pb_text _builder_version=\u00bb4.19.5&#8243; _module_preset=\u00bbdefault\u00bb header_2_font=\u00bb|||on|||||\u00bb header_2_text_align=\u00bbcenter\u00bb custom_padding=\u00bb30px||||false|false\u00bb global_colors_info=\u00bb{}\u00bb]<\/p>\n<h2>FORMULARIO DE SOLICITUD<\/h2>\n<p>[\/et_pb_text][et_pb_text _builder_version=\u00bb4.19.5&#8243; _module_preset=\u00bbdefault\u00bb text_font_size=\u00bb16px\u00bb text_orientation=\u00bbcenter\u00bb global_colors_info=\u00bb{}\u00bb]<\/p>\n<p>Rellena y envia el fomulario con todos tus datos. Pasar\u00e1s a formar parte de las personas que opten al puesto de trabajo. Si finalmente eres el\/la elegido\/a, te llamaremos para comenzar cuanto antes.<\/p>\n<p>[\/et_pb_text][dvppl_cf7_styler cf7=\u00bb23687&#8243; _builder_version=\u00bb4.19.5&#8243; _module_preset=\u00bbdefault\u00bb global_colors_info=\u00bb{}\u00bb][\/dvppl_cf7_styler][\/et_pb_column][\/et_pb_row][\/et_pb_section]<\/p>\n","protected":false},"excerpt":{"rendered":"<p>OFERTA DE TRABAJO PARA COMERCIAL DE VENTAS\u00a1\u00daNETE AL EQUIPO DE EXQUISITE FRUITS!Descripci\u00f3n de la oferta: En Exquisite Fruits buscamos comercial que a\u00f1ada valor a nuestra empresa con la apertura de nuevos mercados, y desarrollo de los clientes actuales que ya conf\u00edan en nuestra marca. Para este puesto, requerimos de una persona emprendedora con s\u00f3lidas habilidades [&hellip;]<\/p>\n","protected":false},"author":1,"featured_media":0,"parent":27613,"menu_order":0,"comment_status":"closed","ping_status":"closed","template":"","meta":{"_et_pb_use_builder":"on","_et_pb_old_content":"<!-- wp:divi\/placeholder \/-->","_et_gb_content_width":"","footnotes":""},"class_list":["post-27631","page","type-page","status-publish","hentry"],"yoast_head":"<!-- This site is optimized with the Yoast SEO plugin v20.10 - https:\/\/yoast.com\/wordpress\/plugins\/seo\/ -->\n<title>Oferta de trabajo: comercial de ventas - Exquisite Fruits<\/title>\n<meta name=\"robots\" content=\"index, follow, max-snippet:-1, max-image-preview:large, max-video-preview:-1\" \/>\n<link rel=\"canonical\" href=\"https:\/\/exquisitefruits.com\/ofertas-de-trabajo-exquisite-fruits\/oferta-de-trabajo-comercial-de-ventas\/\" \/>\n<meta property=\"og:locale\" content=\"es_ES\" \/>\n<meta property=\"og:type\" content=\"article\" \/>\n<meta property=\"og:title\" content=\"Oferta de trabajo: comercial de ventas - Exquisite Fruits\" \/>\n<meta property=\"og:description\" content=\"OFERTA DE TRABAJO PARA COMERCIAL DE VENTAS\u00a1\u00daNETE AL EQUIPO DE EXQUISITE FRUITS!Descripci\u00f3n de la oferta: En Exquisite Fruits buscamos comercial que a\u00f1ada valor a nuestra empresa con la apertura de nuevos mercados, y desarrollo de los clientes actuales que ya conf\u00edan en nuestra marca. Para este puesto, requerimos de una persona emprendedora con s\u00f3lidas habilidades [&hellip;]\" \/>\n<meta property=\"og:url\" content=\"https:\/\/exquisitefruits.com\/ofertas-de-trabajo-exquisite-fruits\/oferta-de-trabajo-comercial-de-ventas\/\" \/>\n<meta property=\"og:site_name\" content=\"Exquisite Fruits\" \/>\n<meta property=\"article:publisher\" content=\"https:\/\/www.facebook.com\/ExquisiteFruits\" \/>\n<meta property=\"article:modified_time\" content=\"2023-01-29T14:51:45+00:00\" \/>\n<meta name=\"twitter:card\" content=\"summary_large_image\" \/>\n<meta name=\"twitter:site\" content=\"@ExquisiteFruits\" \/>\n<script type=\"application\/ld+json\" class=\"yoast-schema-graph\">{\"@context\":\"https:\/\/schema.org\",\"@graph\":[{\"@type\":\"WebPage\",\"@id\":\"https:\/\/exquisitefruits.com\/ofertas-de-trabajo-exquisite-fruits\/oferta-de-trabajo-comercial-de-ventas\/\",\"url\":\"https:\/\/exquisitefruits.com\/ofertas-de-trabajo-exquisite-fruits\/oferta-de-trabajo-comercial-de-ventas\/\",\"name\":\"Oferta de trabajo: comercial de ventas - Exquisite Fruits\",\"isPartOf\":{\"@id\":\"https:\/\/exquisitefruits.com\/#website\"},\"datePublished\":\"2023-01-29T12:35:30+00:00\",\"dateModified\":\"2023-01-29T14:51:45+00:00\",\"breadcrumb\":{\"@id\":\"https:\/\/exquisitefruits.com\/ofertas-de-trabajo-exquisite-fruits\/oferta-de-trabajo-comercial-de-ventas\/#breadcrumb\"},\"inLanguage\":\"es\",\"potentialAction\":[{\"@type\":\"ReadAction\",\"target\":[\"https:\/\/exquisitefruits.com\/ofertas-de-trabajo-exquisite-fruits\/oferta-de-trabajo-comercial-de-ventas\/\"]}]},{\"@type\":\"BreadcrumbList\",\"@id\":\"https:\/\/exquisitefruits.com\/ofertas-de-trabajo-exquisite-fruits\/oferta-de-trabajo-comercial-de-ventas\/#breadcrumb\",\"itemListElement\":[{\"@type\":\"ListItem\",\"position\":1,\"name\":\"Portada\",\"item\":\"https:\/\/exquisitefruits.com\/es\/\"},{\"@type\":\"ListItem\",\"position\":2,\"name\":\"Ofertas de trabajo Exquisite Fruits\",\"item\":\"https:\/\/exquisitefruits.com\/ofertas-de-trabajo-exquisite-fruits\/\"},{\"@type\":\"ListItem\",\"position\":3,\"name\":\"Oferta de trabajo: comercial de ventas\"}]},{\"@type\":\"WebSite\",\"@id\":\"https:\/\/exquisitefruits.com\/#website\",\"url\":\"https:\/\/exquisitefruits.com\/\",\"name\":\"Exquisite Fruits\",\"description\":\"Exportaci\u00f3n de fruta y verdura\",\"potentialAction\":[{\"@type\":\"SearchAction\",\"target\":{\"@type\":\"EntryPoint\",\"urlTemplate\":\"https:\/\/exquisitefruits.com\/?s={search_term_string}\"},\"query-input\":\"required name=search_term_string\"}],\"inLanguage\":\"es\"}]}<\/script>\n<!-- \/ Yoast SEO plugin. -->","yoast_head_json":{"title":"Oferta de trabajo: comercial de ventas - Exquisite Fruits","robots":{"index":"index","follow":"follow","max-snippet":"max-snippet:-1","max-image-preview":"max-image-preview:large","max-video-preview":"max-video-preview:-1"},"canonical":"https:\/\/exquisitefruits.com\/ofertas-de-trabajo-exquisite-fruits\/oferta-de-trabajo-comercial-de-ventas\/","og_locale":"es_ES","og_type":"article","og_title":"Oferta de trabajo: comercial de ventas - Exquisite Fruits","og_description":"OFERTA DE TRABAJO PARA COMERCIAL DE VENTAS\u00a1\u00daNETE AL EQUIPO DE EXQUISITE FRUITS!Descripci\u00f3n de la oferta: En Exquisite Fruits buscamos comercial que a\u00f1ada valor a nuestra empresa con la apertura de nuevos mercados, y desarrollo de los clientes actuales que ya conf\u00edan en nuestra marca. Para este puesto, requerimos de una persona emprendedora con s\u00f3lidas habilidades [&hellip;]","og_url":"https:\/\/exquisitefruits.com\/ofertas-de-trabajo-exquisite-fruits\/oferta-de-trabajo-comercial-de-ventas\/","og_site_name":"Exquisite Fruits","article_publisher":"https:\/\/www.facebook.com\/ExquisiteFruits","article_modified_time":"2023-01-29T14:51:45+00:00","twitter_card":"summary_large_image","twitter_site":"@ExquisiteFruits","schema":{"@context":"https:\/\/schema.org","@graph":[{"@type":"WebPage","@id":"https:\/\/exquisitefruits.com\/ofertas-de-trabajo-exquisite-fruits\/oferta-de-trabajo-comercial-de-ventas\/","url":"https:\/\/exquisitefruits.com\/ofertas-de-trabajo-exquisite-fruits\/oferta-de-trabajo-comercial-de-ventas\/","name":"Oferta de trabajo: comercial de ventas - Exquisite Fruits","isPartOf":{"@id":"https:\/\/exquisitefruits.com\/#website"},"datePublished":"2023-01-29T12:35:30+00:00","dateModified":"2023-01-29T14:51:45+00:00","breadcrumb":{"@id":"https:\/\/exquisitefruits.com\/ofertas-de-trabajo-exquisite-fruits\/oferta-de-trabajo-comercial-de-ventas\/#breadcrumb"},"inLanguage":"es","potentialAction":[{"@type":"ReadAction","target":["https:\/\/exquisitefruits.com\/ofertas-de-trabajo-exquisite-fruits\/oferta-de-trabajo-comercial-de-ventas\/"]}]},{"@type":"BreadcrumbList","@id":"https:\/\/exquisitefruits.com\/ofertas-de-trabajo-exquisite-fruits\/oferta-de-trabajo-comercial-de-ventas\/#breadcrumb","itemListElement":[{"@type":"ListItem","position":1,"name":"Portada","item":"https:\/\/exquisitefruits.com\/es\/"},{"@type":"ListItem","position":2,"name":"Ofertas de trabajo Exquisite Fruits","item":"https:\/\/exquisitefruits.com\/ofertas-de-trabajo-exquisite-fruits\/"},{"@type":"ListItem","position":3,"name":"Oferta de trabajo: comercial de ventas"}]},{"@type":"WebSite","@id":"https:\/\/exquisitefruits.com\/#website","url":"https:\/\/exquisitefruits.com\/","name":"Exquisite Fruits","description":"Exportaci\u00f3n de fruta y verdura","potentialAction":[{"@type":"SearchAction","target":{"@type":"EntryPoint","urlTemplate":"https:\/\/exquisitefruits.com\/?s={search_term_string}"},"query-input":"required name=search_term_string"}],"inLanguage":"es"}]}},"_links":{"self":[{"href":"https:\/\/exquisitefruits.com\/es\/wp-json\/wp\/v2\/pages\/27631","targetHints":{"allow":["GET"]}}],"collection":[{"href":"https:\/\/exquisitefruits.com\/es\/wp-json\/wp\/v2\/pages"}],"about":[{"href":"https:\/\/exquisitefruits.com\/es\/wp-json\/wp\/v2\/types\/page"}],"author":[{"embeddable":true,"href":"https:\/\/exquisitefruits.com\/es\/wp-json\/wp\/v2\/users\/1"}],"replies":[{"embeddable":true,"href":"https:\/\/exquisitefruits.com\/es\/wp-json\/wp\/v2\/comments?post=27631"}],"version-history":[{"count":7,"href":"https:\/\/exquisitefruits.com\/es\/wp-json\/wp\/v2\/pages\/27631\/revisions"}],"predecessor-version":[{"id":27643,"href":"https:\/\/exquisitefruits.com\/es\/wp-json\/wp\/v2\/pages\/27631\/revisions\/27643"}],"up":[{"embeddable":true,"href":"https:\/\/exquisitefruits.com\/es\/wp-json\/wp\/v2\/pages\/27613"}],"wp:attachment":[{"href":"https:\/\/exquisitefruits.com\/es\/wp-json\/wp\/v2\/media?parent=27631"}],"curies":[{"name":"wp","href":"https:\/\/api.w.org\/{rel}","templated":true}]}}