{"id":27613,"date":"2023-01-29T12:09:52","date_gmt":"2023-01-29T12:09:52","guid":{"rendered":"https:\/\/exquisitefruits.com\/?page_id=27613"},"modified":"2023-01-29T14:49:31","modified_gmt":"2023-01-29T14:49:31","slug":"ofertas-de-trabajo-exquisite-fruits","status":"publish","type":"page","link":"https:\/\/exquisitefruits.com\/es\/ofertas-de-trabajo-exquisite-fruits\/","title":{"rendered":"Ofertas de trabajo Exquisite Fruits"},"content":{"rendered":"<p>[et_pb_section fb_built=\u00bb1&#8243; custom_padding_last_edited=\u00bbon|desktop\u00bb _builder_version=\u00bb4.19.5&#8243; _module_preset=\u00bbdefault\u00bb use_background_color_gradient=\u00bbon\u00bb background_color_gradient_stops=\u00bbrgba(0,0,0,0.45) 0%|#000000 100%\u00bb background_color_gradient_overlays_image=\u00bbon\u00bb background_image=\u00bbhttps:\/\/exquisitefruits.com\/wp-content\/uploads\/2023\/01\/offer-job-exquisite-fruits.jpg\u00bb custom_margin=\u00bb||||false|false\u00bb custom_padding=\u00bb10%||10%||true|false\u00bb custom_padding_tablet=\u00bb20%||20%||true|false\u00bb custom_padding_phone=\u00bb20%||20%||true|false\u00bb saved_tabs=\u00bball\u00bb global_colors_info=\u00bb{}\u00bb][et_pb_row _builder_version=\u00bb4.19.5&#8243; _module_preset=\u00bbdefault\u00bb global_colors_info=\u00bb{}\u00bb][et_pb_column type=\u00bb4_4&#8243; _builder_version=\u00bb4.19.5&#8243; _module_preset=\u00bbdefault\u00bb global_colors_info=\u00bb{}\u00bb][et_pb_text _builder_version=\u00bb4.19.5&#8243; _module_preset=\u00bbdefault\u00bb header_2_text_align=\u00bbcenter\u00bb header_2_text_color=\u00bb#FFFFFF\u00bb header_2_font_size=\u00bb70px\u00bb header_2_line_height=\u00bb1.1em\u00bb hover_enabled=\u00bb0&#8243; global_colors_info=\u00bb{}\u00bb header_2_font_size_last_edited=\u00bbon|desktop\u00bb header_2_font_size_phone=\u00bb35px\u00bb sticky_enabled=\u00bb0&#8243; header_2_font_size_tablet=\u00bb55px\u00bb]<\/p>\n<h2>CONOCE NUESTRAS OFERTAS DE TRABAJO<\/h2>\n<p>[\/et_pb_text][\/et_pb_column][\/et_pb_row][\/et_pb_section][et_pb_section fb_built=\u00bb1&#8243; _builder_version=\u00bb4.19.5&#8243; _module_preset=\u00bbdefault\u00bb custom_padding=\u00bb||0px||false|false\u00bb global_colors_info=\u00bb{}\u00bb][et_pb_row _builder_version=\u00bb4.19.5&#8243; _module_preset=\u00bbdefault\u00bb global_colors_info=\u00bb{}\u00bb][et_pb_column type=\u00bb4_4&#8243; _builder_version=\u00bb4.19.5&#8243; _module_preset=\u00bbdefault\u00bb global_colors_info=\u00bb{}\u00bb][et_pb_text _builder_version=\u00bb4.19.5&#8243; _module_preset=\u00bbdefault\u00bb header_2_font=\u00bb|600||on|||||\u00bb header_2_text_align=\u00bbcenter\u00bb global_colors_info=\u00bb{}\u00bb]<\/p>\n<h2>\u00a1\u00daNETE AL EQUIPO DE EXQUISITE FRUITS!<\/h2>\n<p>[\/et_pb_text][et_pb_text _builder_version=\u00bb4.19.5&#8243; _module_preset=\u00bbdefault\u00bb global_colors_info=\u00bb{}\u00bb]<\/p>\n<p>Desde su nacimiento hasta el d\u00eda de hoy, Exquisite Fruits ha logrado consolidarse en el mercado hortofrut\u00edcola gracias a los pilares de la compa\u00f1\u00eda:\u00a0<strong>innovaci\u00f3n, control de calidad y log\u00edstica<\/strong>.<\/p>\n<p>Trabajar con los mejores est\u00e1ndares de calidad y satisfacer a nuestros clientes en cada una de sus necesidades, son nuestros motores.<\/p>\n<p>Cumplir con estos objetivos, hace que a\u00f1o tras a\u00f1o seamos m\u00e1s y mejor valorados en el mercado nacional e internacional,\u00a0<strong>porque la eficiencia, la confianza y la solvencia, son las etiquetas que nos avalan ante nuestros clientes<\/strong>.<\/p>\n<p><strong>Actualmente EXQUISITE FRUITS, ya se encuentra presente en m\u00e1s de 25 Pa\u00edses y seguimos con nuestro crecimiento constante. <\/strong><\/p>\n<p>[\/et_pb_text][\/et_pb_column][\/et_pb_row][\/et_pb_section][et_pb_section fb_built=\u00bb1&#8243; _builder_version=\u00bb4.19.5&#8243; _module_preset=\u00bbdefault\u00bb global_colors_info=\u00bb{}\u00bb][et_pb_row column_structure=\u00bb1_2,1_2&#8243; _builder_version=\u00bb4.19.5&#8243; _module_preset=\u00bbdefault\u00bb global_colors_info=\u00bb{}\u00bb][et_pb_column type=\u00bb1_2&#8243; _builder_version=\u00bb4.19.5&#8243; _module_preset=\u00bbdefault\u00bb global_colors_info=\u00bb{}\u00bb][et_pb_blurb title=\u00bbCOMERCIAL DE VENTAS\u00bb image=\u00bbhttps:\/\/exquisitefruits.com\/wp-content\/uploads\/2023\/01\/comercial-ventas.jpg\u00bb _builder_version=\u00bb4.19.5&#8243; _module_preset=\u00bbdefault\u00bb header_text_align=\u00bbcenter\u00bb body_font=\u00bb|600|||||||\u00bb body_text_align=\u00bbjustify\u00bb body_text_color=\u00bb#000000&#8243; body_font_size=\u00bb16px\u00bb text_orientation=\u00bbcenter\u00bb global_colors_info=\u00bb{}\u00bb]<\/p>\n<p>\u00bfTe gustar\u00eda formar parte de un equipo joven, din\u00e1mico y con grandes oportunidades de desarrollo profesional?<\/p>\n<p>[\/et_pb_blurb][et_pb_button button_url=\u00bb\/ofertas-de-trabajo-exquisite-fruits\/oferta-de-trabajo-comercial-de-ventas\/\u00bb button_text=\u00bbVer oferta de trabajo\u00bb button_alignment=\u00bbcenter\u00bb _builder_version=\u00bb4.19.5&#8243; _module_preset=\u00bbdefault\u00bb custom_button=\u00bbon\u00bb button_text_color=\u00bb#FFFFFF\u00bb button_bg_color=\u00bb#0b8ec6&#8243; button_border_radius=\u00bb6px\u00bb global_colors_info=\u00bb{}\u00bb][\/et_pb_button][\/et_pb_column][et_pb_column type=\u00bb1_2&#8243; _builder_version=\u00bb4.19.5&#8243; _module_preset=\u00bbdefault\u00bb global_colors_info=\u00bb{}\u00bb][\/et_pb_column][\/et_pb_row][\/et_pb_section]<\/p>\n","protected":false},"excerpt":{"rendered":"<p>CONOCE NUESTRAS OFERTAS DE TRABAJO\u00a1\u00daNETE AL EQUIPO DE EXQUISITE FRUITS!Desde su nacimiento hasta el d\u00eda de hoy, Exquisite Fruits ha logrado consolidarse en el mercado hortofrut\u00edcola gracias a los pilares de la compa\u00f1\u00eda:\u00a0innovaci\u00f3n, control de calidad y log\u00edstica. Trabajar con los mejores est\u00e1ndares de calidad y satisfacer a nuestros clientes en cada una de sus [&hellip;]<\/p>\n","protected":false},"author":1,"featured_media":0,"parent":0,"menu_order":0,"comment_status":"closed","ping_status":"closed","template":"","meta":{"_et_pb_use_builder":"on","_et_pb_old_content":"<!-- wp:divi\/placeholder \/-->","_et_gb_content_width":"","footnotes":""},"class_list":["post-27613","page","type-page","status-publish","hentry"],"yoast_head":"<!-- This site is optimized with the Yoast SEO plugin v20.10 - https:\/\/yoast.com\/wordpress\/plugins\/seo\/ -->\n<title>Ofertas de trabajo Exquisite Fruits - Exquisite Fruits<\/title>\n<meta name=\"robots\" content=\"index, follow, max-snippet:-1, max-image-preview:large, max-video-preview:-1\" \/>\n<link rel=\"canonical\" href=\"https:\/\/exquisitefruits.com\/ofertas-de-trabajo-exquisite-fruits\/\" \/>\n<meta property=\"og:locale\" content=\"es_ES\" \/>\n<meta property=\"og:type\" content=\"article\" \/>\n<meta property=\"og:title\" content=\"Ofertas de trabajo Exquisite Fruits - Exquisite Fruits\" \/>\n<meta property=\"og:description\" content=\"CONOCE NUESTRAS OFERTAS DE TRABAJO\u00a1\u00daNETE AL EQUIPO DE EXQUISITE FRUITS!Desde su nacimiento hasta el d\u00eda de hoy, Exquisite Fruits ha logrado consolidarse en el mercado hortofrut\u00edcola gracias a los pilares de la compa\u00f1\u00eda:\u00a0innovaci\u00f3n, control de calidad y log\u00edstica. Trabajar con los mejores est\u00e1ndares de calidad y satisfacer a nuestros clientes en cada una de sus [&hellip;]\" \/>\n<meta property=\"og:url\" content=\"https:\/\/exquisitefruits.com\/ofertas-de-trabajo-exquisite-fruits\/\" \/>\n<meta property=\"og:site_name\" content=\"Exquisite Fruits\" \/>\n<meta property=\"article:publisher\" content=\"https:\/\/www.facebook.com\/ExquisiteFruits\" \/>\n<meta property=\"article:modified_time\" content=\"2023-01-29T14:49:31+00:00\" \/>\n<meta name=\"twitter:card\" content=\"summary_large_image\" \/>\n<meta name=\"twitter:site\" content=\"@ExquisiteFruits\" \/>\n<script type=\"application\/ld+json\" class=\"yoast-schema-graph\">{\"@context\":\"https:\/\/schema.org\",\"@graph\":[{\"@type\":\"WebPage\",\"@id\":\"https:\/\/exquisitefruits.com\/ofertas-de-trabajo-exquisite-fruits\/\",\"url\":\"https:\/\/exquisitefruits.com\/ofertas-de-trabajo-exquisite-fruits\/\",\"name\":\"Ofertas de trabajo Exquisite Fruits - Exquisite Fruits\",\"isPartOf\":{\"@id\":\"https:\/\/exquisitefruits.com\/#website\"},\"datePublished\":\"2023-01-29T12:09:52+00:00\",\"dateModified\":\"2023-01-29T14:49:31+00:00\",\"breadcrumb\":{\"@id\":\"https:\/\/exquisitefruits.com\/ofertas-de-trabajo-exquisite-fruits\/#breadcrumb\"},\"inLanguage\":\"es\",\"potentialAction\":[{\"@type\":\"ReadAction\",\"target\":[\"https:\/\/exquisitefruits.com\/ofertas-de-trabajo-exquisite-fruits\/\"]}]},{\"@type\":\"BreadcrumbList\",\"@id\":\"https:\/\/exquisitefruits.com\/ofertas-de-trabajo-exquisite-fruits\/#breadcrumb\",\"itemListElement\":[{\"@type\":\"ListItem\",\"position\":1,\"name\":\"Portada\",\"item\":\"https:\/\/exquisitefruits.com\/es\/\"},{\"@type\":\"ListItem\",\"position\":2,\"name\":\"Ofertas de trabajo Exquisite Fruits\"}]},{\"@type\":\"WebSite\",\"@id\":\"https:\/\/exquisitefruits.com\/#website\",\"url\":\"https:\/\/exquisitefruits.com\/\",\"name\":\"Exquisite Fruits\",\"description\":\"Exportaci\u00f3n de fruta y verdura\",\"potentialAction\":[{\"@type\":\"SearchAction\",\"target\":{\"@type\":\"EntryPoint\",\"urlTemplate\":\"https:\/\/exquisitefruits.com\/?s={search_term_string}\"},\"query-input\":\"required name=search_term_string\"}],\"inLanguage\":\"es\"}]}<\/script>\n<!-- \/ Yoast SEO plugin. -->","yoast_head_json":{"title":"Ofertas de trabajo Exquisite Fruits - Exquisite Fruits","robots":{"index":"index","follow":"follow","max-snippet":"max-snippet:-1","max-image-preview":"max-image-preview:large","max-video-preview":"max-video-preview:-1"},"canonical":"https:\/\/exquisitefruits.com\/ofertas-de-trabajo-exquisite-fruits\/","og_locale":"es_ES","og_type":"article","og_title":"Ofertas de trabajo Exquisite Fruits - Exquisite Fruits","og_description":"CONOCE NUESTRAS OFERTAS DE TRABAJO\u00a1\u00daNETE AL EQUIPO DE EXQUISITE FRUITS!Desde su nacimiento hasta el d\u00eda de hoy, Exquisite Fruits ha logrado consolidarse en el mercado hortofrut\u00edcola gracias a los pilares de la compa\u00f1\u00eda:\u00a0innovaci\u00f3n, control de calidad y log\u00edstica. Trabajar con los mejores est\u00e1ndares de calidad y satisfacer a nuestros clientes en cada una de sus [&hellip;]","og_url":"https:\/\/exquisitefruits.com\/ofertas-de-trabajo-exquisite-fruits\/","og_site_name":"Exquisite Fruits","article_publisher":"https:\/\/www.facebook.com\/ExquisiteFruits","article_modified_time":"2023-01-29T14:49:31+00:00","twitter_card":"summary_large_image","twitter_site":"@ExquisiteFruits","schema":{"@context":"https:\/\/schema.org","@graph":[{"@type":"WebPage","@id":"https:\/\/exquisitefruits.com\/ofertas-de-trabajo-exquisite-fruits\/","url":"https:\/\/exquisitefruits.com\/ofertas-de-trabajo-exquisite-fruits\/","name":"Ofertas de trabajo Exquisite Fruits - Exquisite Fruits","isPartOf":{"@id":"https:\/\/exquisitefruits.com\/#website"},"datePublished":"2023-01-29T12:09:52+00:00","dateModified":"2023-01-29T14:49:31+00:00","breadcrumb":{"@id":"https:\/\/exquisitefruits.com\/ofertas-de-trabajo-exquisite-fruits\/#breadcrumb"},"inLanguage":"es","potentialAction":[{"@type":"ReadAction","target":["https:\/\/exquisitefruits.com\/ofertas-de-trabajo-exquisite-fruits\/"]}]},{"@type":"BreadcrumbList","@id":"https:\/\/exquisitefruits.com\/ofertas-de-trabajo-exquisite-fruits\/#breadcrumb","itemListElement":[{"@type":"ListItem","position":1,"name":"Portada","item":"https:\/\/exquisitefruits.com\/es\/"},{"@type":"ListItem","position":2,"name":"Ofertas de trabajo Exquisite Fruits"}]},{"@type":"WebSite","@id":"https:\/\/exquisitefruits.com\/#website","url":"https:\/\/exquisitefruits.com\/","name":"Exquisite Fruits","description":"Exportaci\u00f3n de fruta y verdura","potentialAction":[{"@type":"SearchAction","target":{"@type":"EntryPoint","urlTemplate":"https:\/\/exquisitefruits.com\/?s={search_term_string}"},"query-input":"required name=search_term_string"}],"inLanguage":"es"}]}},"_links":{"self":[{"href":"https:\/\/exquisitefruits.com\/es\/wp-json\/wp\/v2\/pages\/27613","targetHints":{"allow":["GET"]}}],"collection":[{"href":"https:\/\/exquisitefruits.com\/es\/wp-json\/wp\/v2\/pages"}],"about":[{"href":"https:\/\/exquisitefruits.com\/es\/wp-json\/wp\/v2\/types\/page"}],"author":[{"embeddable":true,"href":"https:\/\/exquisitefruits.com\/es\/wp-json\/wp\/v2\/users\/1"}],"replies":[{"embeddable":true,"href":"https:\/\/exquisitefruits.com\/es\/wp-json\/wp\/v2\/comments?post=27613"}],"version-history":[{"count":7,"href":"https:\/\/exquisitefruits.com\/es\/wp-json\/wp\/v2\/pages\/27613\/revisions"}],"predecessor-version":[{"id":27642,"href":"https:\/\/exquisitefruits.com\/es\/wp-json\/wp\/v2\/pages\/27613\/revisions\/27642"}],"wp:attachment":[{"href":"https:\/\/exquisitefruits.com\/es\/wp-json\/wp\/v2\/media?parent=27613"}],"curies":[{"name":"wp","href":"https:\/\/api.w.org\/{rel}","templated":true}]}}