{"id":23667,"date":"2020-11-20T09:45:50","date_gmt":"2020-11-20T09:45:50","guid":{"rendered":"https:\/\/exquisitefruits.com\/?page_id=23667"},"modified":"2020-11-20T09:53:43","modified_gmt":"2020-11-20T09:53:43","slug":"politica-de-privacidad","status":"publish","type":"page","link":"https:\/\/exquisitefruits.com\/es\/politica-de-privacidad\/","title":{"rendered":"Pol\u00edtica de privacidad"},"content":{"rendered":"<p>[et_pb_section fb_built=\u00bb1&#8243; _builder_version=\u00bb4.6.6&#8243; _module_preset=\u00bbdefault\u00bb][et_pb_row _builder_version=\u00bb4.6.6&#8243; _module_preset=\u00bbdefault\u00bb][et_pb_column _builder_version=\u00bb4.6.6&#8243; _module_preset=\u00bbdefault\u00bb type=\u00bb4_4&#8243;][et_pb_text _builder_version=\u00bb4.6.6&#8243; _module_preset=\u00bbdefault\u00bb header_2_font=\u00bb|||on|||||\u00bb header_2_text_align=\u00bbcenter\u00bb hover_enabled=\u00bb0&#8243; sticky_enabled=\u00bb0&#8243;]<\/p>\n<h2>POL\u00cdTICA DE PRIVACIDAD<\/h2>\n<p>[\/et_pb_text][et_pb_text _builder_version=\u00bb4.6.6&#8243; _module_preset=\u00bbdefault\u00bb header_2_font=\u00bb|||on|||||\u00bb header_2_text_align=\u00bbcenter\u00bb hover_enabled=\u00bb0&#8243; sticky_enabled=\u00bb0&#8243;]<\/p>\n<p>Mediante este aviso legal,<span>\u00a0<\/span><strong>EXQUISITEFRUITS S.L<\/strong><span>\u00a0<\/span>domiciliada en GANDIA Plaza del Prado 21, informa a los usuarios de la p\u00e1gina web de su propiedad, acerca de su pol\u00edtica de privacidad y protecci\u00f3n de datos de car\u00e1cter personal, para que los usuarios determinen, libre y voluntariamente, si desean facilitar los datos personales que le puedan ser solicitados, con motivo de la utilizaci\u00f3n y posterior gesti\u00f3n de determinados servicios de nuestra p\u00e1gina web.<\/p>\n<p>A trav\u00e9s del presente sitio web, no recogeremos ninguna informaci\u00f3n personalmente identificable sobre usted, a no ser que voluntariamente decida proporcion\u00e1rnosla bien, a trav\u00e9s del formulario de contacto, bien mediante la direcci\u00f3n de correo electr\u00f3nico: info@exquisitefruits.com<\/p>\n<p>Los datos personales recogidos ser\u00e1n objeto de tratamiento, tanto automatizado como convencional, e incorporados y conservados por un lado, en determinados ficheros titularidad de,<span>\u00a0<\/span><strong>EXQUISITEFRUITS S.L<\/strong>que act\u00faa como Responsable del Fichero, encontr\u00e1ndose todos ellos debidamente inscritos en el Registro General de Protecci\u00f3n de Datos.<\/p>\n<p>En general, la recogida y tratamiento de sus datos personales tiene como finalidades las que a continuaci\u00f3n se relacionan: poder contactar con el usuario, atender y gestionar adecuadamente las solicitudes de consulta remitidas, as\u00ed como gestionar las tareas b\u00e1sicas de administraci\u00f3n. De forma puntual, podremos tratar informaci\u00f3n personal con fines de selecci\u00f3n de personal, si Vd. nos env\u00eda su c.v. a trav\u00e9s de nuestra direcci\u00f3n de correo electr\u00f3nico. Si el usuario nos facilita su email, es intenci\u00f3n de la empresa poder enviarle informaci\u00f3n sobre novedades y servicios que puedan ser de su inter\u00e9s.<\/p>\n<p>Respecto del tratamiento de sus datos con fines promocionales o publicitarios, junto con el formulario de recogida de datos de contacto, se facilitar\u00e1 al afectado el oportuno procedimiento, sencillo y gratuito, para que pueda se\u00f1alar libremente su oposici\u00f3n al respecto. En caso de remisi\u00f3n de un e mail, h\u00e1ganos constar su oposici\u00f3n, respecto a estos tratamientos, de forma expresa en el mismo.<\/p>\n<p>Los destinatarios de la informaci\u00f3n que nos suministre ser\u00e1 el personal responsable de la empresa, comprometi\u00e9ndose en la utilizaci\u00f3n de los datos facilitados, a respetar su confidencialidad y a utilizarlos de acuerdo a las finalidades se\u00f1aladas.<\/p>\n<p>En caso que Vd. nos remita su c.v a trav\u00e9s de la direcci\u00f3n de correo electr\u00f3nico habilitada en nuestra p\u00e1gina web, le informamos que sus datos ser\u00e1n tratados en nuestro departamento de recursos humanos.<\/p>\n<p>Adem\u00e1s, seg\u00fan lo dispuesto en la normativa vigente sobre protecci\u00f3n de datos de car\u00e1cter personal, en el caso de que Vd. nos facilite informaci\u00f3n relativa a su ideolog\u00eda, afiliaci\u00f3n sindical, religi\u00f3n o creencias, deber\u00e1 prestarnos su consentimiento expreso y por escrito para poder tratar esa informaci\u00f3n. De igual forma, el tratamiento de los datos relacionados con el origen racial, salud o vida sexual del usuario, requieren consentimiento expreso para poder tratar esa informaci\u00f3n.<\/p>\n<p>Cualquier usuario registrado, podr\u00e1 en cualquier momento posterior, en los t\u00e9rminos establecidos en la normativa sobre protecci\u00f3n de datos en cada momento vigente, revocar la autorizaci\u00f3n concedida para el tratamiento de los datos personales.<\/p>\n<p>El ejercicio de los derechos de acceso, rectificaci\u00f3n, cancelaci\u00f3n y oposici\u00f3n, podr\u00e1 llevarse a cabo, conforme a lo dispuesto en la normativa vigente, mediante solicitud dirigida a nuestra direcci\u00f3n de correo electr\u00f3nico establecida a tal efecto: info@exquisitfreuits.com..o a la direcci\u00f3n postal Plaza del Prado 21, 46702, Gandia, Valencia.<\/p>\n<p>En la p\u00e1gina web, el usuario podr\u00e1 acceder a los modelos de solicitud para cada derecho elaborados por<span>\u00a0<\/span><strong><em>EXQUISITEFRUITS S.L<span>\u00a0<\/span><\/em><\/strong>as\u00ed como a la informaci\u00f3n sobre el procedimiento a seguir en cada caso.<\/p>\n<p>El usuario responder\u00e1, en cualquier caso, de la veracidad de los datos facilitados, reserv\u00e1ndose<span>\u00a0<\/span><strong><em>EXQUISITEFRUITS S.L<span>\u00a0<\/span><\/em><\/strong>el derecho a excluir de los servicios registrados a todo usuario que haya facilitado datos falsos, sin perjuicio de las dem\u00e1s acciones que procedan en Derecho.<\/p>\n<p>El usuario se hace responsable de comunicar a<span>\u00a0<\/span><strong><em>EXQUISITEFRUITS S.L<span>\u00a0<\/span><\/em><\/strong>cualquier modificaci\u00f3n de los datos personales facilitados.<\/p>\n<p><strong><em>EXQUISITEFRUITS S.L<span>\u00a0<\/span><\/em><\/strong>cumplir\u00e1 lo dispuesto en la normativa vigente en cuanto al deber de cancelaci\u00f3n de la informaci\u00f3n personal que haya dejado de ser necesaria para el fin o los fines para los cuales fue recabada, bloqueando la misma, con el fin de poder atender a las posibles responsabilidades derivadas del tratamiento de los datos, y s\u00f3lo durante los plazos de prescripci\u00f3n de dichas responsabilidades. Una vez transcurran dichos plazos, se eliminar\u00e1 definitivamente esa informaci\u00f3n mediante m\u00e9todos seguros.<\/p>\n<p>Los menores de 14 a\u00f1os no deber\u00e1n enviar ninguna informaci\u00f3n personal sin el consentimiento de su padre o tutor.<span>\u00a0<\/span><strong><em>EXQUISITEFRUITS S.L<span>\u00a0<\/span><\/em><\/strong>no es responsable de ninguna informaci\u00f3n personal enviada por los menores de 14 a\u00f1os sin la autorizaci\u00f3n oportuna.<\/p>\n<p><strong><em>EXQUISITEFRUITS S.L<span>\u00a0<\/span><\/em><\/strong>ha adoptado los niveles de seguridad de protecci\u00f3n de datos personales legalmente requeridos en funci\u00f3n de la informaci\u00f3n tratada y ha implantado otros medios y medidas t\u00e9cnicas adicionales a su alcance para evitar su alteraci\u00f3n, p\u00e9rdida, tratamiento o acceso no autorizado de los datos personales facilitados, de acuerdo lo dispuesto en la normativa vigente en materia de protecci\u00f3n de datos de car\u00e1cter persona. No obstante lo anterior, el usuario debe ser consciente de que las medidas de seguridad en internet no son inexpugnables.<\/p>\n<p>Cuando usted accede a nuestro sitio web, no almacenamos ninguna informaci\u00f3n en su ordenador a trav\u00e9s de cookies con objeto de reconocerle de forma autom\u00e1tica la pr\u00f3xima vez que usted utilice el mismo. El presente portal de internet contiene enlaces a otros sitios web relacionados con la empresa.<\/p>\n<p><strong><em>EXQUISITEFRUITS S.L<span>\u00a0<\/span><\/em><\/strong>se reserva el derecho a modificar la presente Pol\u00edtica de Privacidad para adaptarla a futuras novedades legislativas o jurisprudenciales. En dichos supuestos, anunciar\u00e1 en esta p\u00e1gina los cambios producidos con razonable anticipaci\u00f3n a su puesta en pr\u00e1ctica.<\/p>\n<p><strong><em>EXQUISITEFRUITS S.L<span>\u00a0<\/span><\/em><\/strong>proporciona a los usuarios los recursos t\u00e9cnicos adecuados para que, con car\u00e1cter previo, puedan acceder a este aviso sobre la Pol\u00edtica de Privacidad y Protecci\u00f3n de Datos, as\u00ed como cualquier otra informaci\u00f3n relevante y puedan prestar su consentimiento a fin de que esta sociedad proceda al tratamiento de sus datos personales.<\/p>\n<p><strong><em>EXQUISITEFRUITS S.L<span>\u00a0<\/span><\/em><\/strong>en virtud de lo expuesto en el art\u00edculo 10 de la Ley 34\/2002 de servicios de la sociedad de la informaci\u00f3n y de comercio electr\u00f3nico y conforme al principio de transparencia de nuestra compa\u00f1\u00eda informa a los usuarios de su p\u00e1gina web, que a trav\u00e9s de este sitio web no se recaban datos de car\u00e1cter personal de los usuarios sin su conocimiento, ni se ceden a terceros.<\/p>\n<p><strong>COOKIES:<\/strong><br \/>Este sitio web utiliza cookies (archivos de informaci\u00f3n que se guardan en el ordenador de quien accede a la p\u00e1gina) en la medida imprescindible para el correcto funcionamiento y visualizaci\u00f3n del sitio web por parte del usuario. Las cookies utilizadas tienen una vigencia temporal limitada y en ning\u00fan caso se usan para recoger informaci\u00f3n de car\u00e1cter personal.<\/p>\n<ul>\n<li>Google Analytics:\n<ol type=\"type\">\n<li>El sitio web<span>\u00a0<\/span><a href=\"https:\/\/www.exquisitefruits.com\/\">www.exquisitefruits.com<\/a><span>\u00a0<\/span>utiliza Google Analytics, un servicio prestado por Google, Inc., que permite analizar el uso que hacen los usuarios del sitio web, con objeto exclusivamente estad\u00edstico.<\/li>\n<li>A estos efectos, Google Analytics utiliza cookies. La informaci\u00f3n que genera la cookie para elaborar la informaci\u00f3n estad\u00edstica ser\u00e1 directamente transmitida y archivada por Google. Para garantizar el anonimato, Google convertir\u00e1 su informaci\u00f3n en an\u00f3nima truncando la direcci\u00f3n IP antes de almacenarla, de forma que Google Analytics no se usa para localizar o recabar informaci\u00f3n personal identificable de los visitantes del sitio. Google solo podr\u00e1 enviar la informaci\u00f3n recabada por Google Analytics a terceros cuanto est\u00e9 legalmente obligado a ello. Con arreglo a las condiciones de prestaci\u00f3n del servicio de Google Analytics, Google no asociar\u00e1 su direcci\u00f3n IP a ning\u00fan otro dato conservado por Google.<\/li>\n<\/ol>\n<\/li>\n<\/ul>\n<p>El usuario que desee deshabilitar las cookies puede hacerlo desde la secci\u00f3n de preferencias de su navegador de Internet.<\/p>\n<p>Dependiendo del navegador deber\u00e1 de seguir determinados pasos para modificar la configuraci\u00f3n de las cookies en su ordenador:<\/p>\n<ul>\n<li>Chrome:<span>\u00a0<\/span><a href=\"https:\/\/support.google.com\/accounts\/answer\/61416?hl=es\" target=\"_blank\" rel=\"noopener noreferrer\">https:\/\/support.google.com\/accounts\/answer\/61416?hl=es<\/a><\/li>\n<li>Internet Explorer:<span>\u00a0<\/span><a href=\"https:\/\/support.microsoft.com\/es-es\/help\/17442\/windows-internet-explorer-delete-manage-cookies\" target=\"_blank\" rel=\"noopener noreferrer\">https:\/\/support.microsoft.com\/es-es\/help\/17442\/windows-internet-explorer-delete-manage-cookies<\/a><\/li>\n<li>Firefox:<span>\u00a0<\/span><a href=\"https:\/\/support.mozilla.org\/es\/kb\/habilitar-y-deshabilitar-cookies-sitios-web-rastrear-preferencias\" target=\"_blank\" rel=\"noopener noreferrer\">https:\/\/support.mozilla.org\/es\/kb\/habilitar-y-deshabilitar-cookies-sitios-web-rastrear-preferencias<\/a><\/li>\n<li>Safari:<span>\u00a0<\/span><a href=\"https:\/\/support.apple.com\/es-es\/HT201265\" target=\"_blank\" rel=\"noopener noreferrer\">https:\/\/support.apple.com\/es-es\/HT201265<\/a><\/li>\n<\/ul>\n<p>El portal del que es titular<span>\u00a0<\/span><strong>EXQUISITEFRUITS S.L<\/strong><span>\u00a0<\/span>contiene enlaces a sitios web de terceros, cuyas pol\u00edticas de privacidad son ajenas a<span>\u00a0<\/span><strong>EXQUISITEFRUITS S.L.<\/strong><span>\u00a0<\/span>Al acceder a tales sitios web usted puede decidir si acepta sus pol\u00edticas de privacidad y de cookies. Con car\u00e1cter general, si navega por internet usted puede aceptar o rechazar las cookies de terceros desde las opciones de configuraci\u00f3n de su navegador.<\/p>\n<p>[\/et_pb_text][\/et_pb_column][\/et_pb_row][\/et_pb_section]<\/p>\n","protected":false},"excerpt":{"rendered":"<p>POL\u00cdTICA DE PRIVACIDAD Mediante este aviso legal,\u00a0EXQUISITEFRUITS S.L\u00a0domiciliada en GANDIA Plaza del Prado 21, informa a los usuarios de la p\u00e1gina web de su propiedad, acerca de su pol\u00edtica de privacidad y protecci\u00f3n de datos de car\u00e1cter personal, para que los usuarios determinen, libre y voluntariamente, si desean facilitar los datos personales que le puedan [&hellip;]<\/p>\n","protected":false},"author":2,"featured_media":0,"parent":0,"menu_order":0,"comment_status":"closed","ping_status":"closed","template":"","meta":{"_et_pb_use_builder":"on","_et_pb_old_content":"<!-- wp:divi\/placeholder \/-->","_et_gb_content_width":"","footnotes":""},"class_list":["post-23667","page","type-page","status-publish","hentry"],"yoast_head":"<!-- This site is optimized with the Yoast SEO plugin v20.10 - https:\/\/yoast.com\/wordpress\/plugins\/seo\/ -->\n<title>Pol\u00edtica de privacidad - Exquisite Fruits<\/title>\n<meta name=\"robots\" content=\"index, follow, max-snippet:-1, max-image-preview:large, max-video-preview:-1\" \/>\n<link rel=\"canonical\" href=\"https:\/\/exquisitefruits.com\/politica-de-privacidad\/\" \/>\n<meta property=\"og:locale\" content=\"es_ES\" \/>\n<meta property=\"og:type\" content=\"article\" \/>\n<meta property=\"og:title\" content=\"Pol\u00edtica de privacidad - Exquisite Fruits\" \/>\n<meta property=\"og:description\" content=\"POL\u00cdTICA DE PRIVACIDAD Mediante este aviso legal,\u00a0EXQUISITEFRUITS S.L\u00a0domiciliada en GANDIA Plaza del Prado 21, informa a los usuarios de la p\u00e1gina web de su propiedad, acerca de su pol\u00edtica de privacidad y protecci\u00f3n de datos de car\u00e1cter personal, para que los usuarios determinen, libre y voluntariamente, si desean facilitar los datos personales que le puedan [&hellip;]\" \/>\n<meta property=\"og:url\" content=\"https:\/\/exquisitefruits.com\/politica-de-privacidad\/\" \/>\n<meta property=\"og:site_name\" content=\"Exquisite Fruits\" \/>\n<meta property=\"article:publisher\" content=\"https:\/\/www.facebook.com\/ExquisiteFruits\" \/>\n<meta property=\"article:modified_time\" content=\"2020-11-20T09:53:43+00:00\" \/>\n<meta name=\"twitter:card\" content=\"summary_large_image\" \/>\n<meta name=\"twitter:site\" content=\"@ExquisiteFruits\" \/>\n<meta name=\"twitter:label1\" content=\"Tiempo de lectura\" \/>\n\t<meta name=\"twitter:data1\" content=\"8 minutos\" \/>\n<script type=\"application\/ld+json\" class=\"yoast-schema-graph\">{\"@context\":\"https:\/\/schema.org\",\"@graph\":[{\"@type\":\"WebPage\",\"@id\":\"https:\/\/exquisitefruits.com\/politica-de-privacidad\/\",\"url\":\"https:\/\/exquisitefruits.com\/politica-de-privacidad\/\",\"name\":\"Pol\u00edtica de privacidad - Exquisite Fruits\",\"isPartOf\":{\"@id\":\"https:\/\/exquisitefruits.com\/#website\"},\"datePublished\":\"2020-11-20T09:45:50+00:00\",\"dateModified\":\"2020-11-20T09:53:43+00:00\",\"breadcrumb\":{\"@id\":\"https:\/\/exquisitefruits.com\/politica-de-privacidad\/#breadcrumb\"},\"inLanguage\":\"es\",\"potentialAction\":[{\"@type\":\"ReadAction\",\"target\":[\"https:\/\/exquisitefruits.com\/politica-de-privacidad\/\"]}]},{\"@type\":\"BreadcrumbList\",\"@id\":\"https:\/\/exquisitefruits.com\/politica-de-privacidad\/#breadcrumb\",\"itemListElement\":[{\"@type\":\"ListItem\",\"position\":1,\"name\":\"Portada\",\"item\":\"https:\/\/exquisitefruits.com\/es\/\"},{\"@type\":\"ListItem\",\"position\":2,\"name\":\"Pol\u00edtica de privacidad\"}]},{\"@type\":\"WebSite\",\"@id\":\"https:\/\/exquisitefruits.com\/#website\",\"url\":\"https:\/\/exquisitefruits.com\/\",\"name\":\"Exquisite Fruits\",\"description\":\"Exportaci\u00f3n de fruta y verdura\",\"potentialAction\":[{\"@type\":\"SearchAction\",\"target\":{\"@type\":\"EntryPoint\",\"urlTemplate\":\"https:\/\/exquisitefruits.com\/?s={search_term_string}\"},\"query-input\":\"required name=search_term_string\"}],\"inLanguage\":\"es\"}]}<\/script>\n<!-- \/ Yoast SEO plugin. -->","yoast_head_json":{"title":"Pol\u00edtica de privacidad - Exquisite Fruits","robots":{"index":"index","follow":"follow","max-snippet":"max-snippet:-1","max-image-preview":"max-image-preview:large","max-video-preview":"max-video-preview:-1"},"canonical":"https:\/\/exquisitefruits.com\/politica-de-privacidad\/","og_locale":"es_ES","og_type":"article","og_title":"Pol\u00edtica de privacidad - Exquisite Fruits","og_description":"POL\u00cdTICA DE PRIVACIDAD Mediante este aviso legal,\u00a0EXQUISITEFRUITS S.L\u00a0domiciliada en GANDIA Plaza del Prado 21, informa a los usuarios de la p\u00e1gina web de su propiedad, acerca de su pol\u00edtica de privacidad y protecci\u00f3n de datos de car\u00e1cter personal, para que los usuarios determinen, libre y voluntariamente, si desean facilitar los datos personales que le puedan [&hellip;]","og_url":"https:\/\/exquisitefruits.com\/politica-de-privacidad\/","og_site_name":"Exquisite Fruits","article_publisher":"https:\/\/www.facebook.com\/ExquisiteFruits","article_modified_time":"2020-11-20T09:53:43+00:00","twitter_card":"summary_large_image","twitter_site":"@ExquisiteFruits","twitter_misc":{"Tiempo de lectura":"8 minutos"},"schema":{"@context":"https:\/\/schema.org","@graph":[{"@type":"WebPage","@id":"https:\/\/exquisitefruits.com\/politica-de-privacidad\/","url":"https:\/\/exquisitefruits.com\/politica-de-privacidad\/","name":"Pol\u00edtica de privacidad - Exquisite Fruits","isPartOf":{"@id":"https:\/\/exquisitefruits.com\/#website"},"datePublished":"2020-11-20T09:45:50+00:00","dateModified":"2020-11-20T09:53:43+00:00","breadcrumb":{"@id":"https:\/\/exquisitefruits.com\/politica-de-privacidad\/#breadcrumb"},"inLanguage":"es","potentialAction":[{"@type":"ReadAction","target":["https:\/\/exquisitefruits.com\/politica-de-privacidad\/"]}]},{"@type":"BreadcrumbList","@id":"https:\/\/exquisitefruits.com\/politica-de-privacidad\/#breadcrumb","itemListElement":[{"@type":"ListItem","position":1,"name":"Portada","item":"https:\/\/exquisitefruits.com\/es\/"},{"@type":"ListItem","position":2,"name":"Pol\u00edtica de privacidad"}]},{"@type":"WebSite","@id":"https:\/\/exquisitefruits.com\/#website","url":"https:\/\/exquisitefruits.com\/","name":"Exquisite Fruits","description":"Exportaci\u00f3n de fruta y verdura","potentialAction":[{"@type":"SearchAction","target":{"@type":"EntryPoint","urlTemplate":"https:\/\/exquisitefruits.com\/?s={search_term_string}"},"query-input":"required name=search_term_string"}],"inLanguage":"es"}]}},"_links":{"self":[{"href":"https:\/\/exquisitefruits.com\/es\/wp-json\/wp\/v2\/pages\/23667","targetHints":{"allow":["GET"]}}],"collection":[{"href":"https:\/\/exquisitefruits.com\/es\/wp-json\/wp\/v2\/pages"}],"about":[{"href":"https:\/\/exquisitefruits.com\/es\/wp-json\/wp\/v2\/types\/page"}],"author":[{"embeddable":true,"href":"https:\/\/exquisitefruits.com\/es\/wp-json\/wp\/v2\/users\/2"}],"replies":[{"embeddable":true,"href":"https:\/\/exquisitefruits.com\/es\/wp-json\/wp\/v2\/comments?post=23667"}],"version-history":[{"count":3,"href":"https:\/\/exquisitefruits.com\/es\/wp-json\/wp\/v2\/pages\/23667\/revisions"}],"predecessor-version":[{"id":23684,"href":"https:\/\/exquisitefruits.com\/es\/wp-json\/wp\/v2\/pages\/23667\/revisions\/23684"}],"wp:attachment":[{"href":"https:\/\/exquisitefruits.com\/es\/wp-json\/wp\/v2\/media?parent=23667"}],"curies":[{"name":"wp","href":"https:\/\/api.w.org\/{rel}","templated":true}]}}