{"id":23561,"date":"2020-11-17T09:42:31","date_gmt":"2020-11-17T09:42:31","guid":{"rendered":"https:\/\/exquisitefruits.com\/?page_id=23561"},"modified":"2020-11-17T09:48:55","modified_gmt":"2020-11-17T09:48:55","slug":"melocoton-ecologico","status":"publish","type":"page","link":"https:\/\/exquisitefruits.com\/es\/fruta-ecologica\/melocoton-ecologico\/","title":{"rendered":"Melocot\u00f3n ecol\u00f3gico"},"content":{"rendered":"<p>[et_pb_section fb_built=\u00bb1&#8243; _builder_version=\u00bb4.6.6&#8243; _module_preset=\u00bbdefault\u00bb][et_pb_row _builder_version=\u00bb4.6.6&#8243; _module_preset=\u00bbdefault\u00bb][et_pb_column type=\u00bb4_4&#8243; _builder_version=\u00bb4.6.6&#8243; _module_preset=\u00bbdefault\u00bb][et_pb_text _builder_version=\u00bb4.6.6&#8243; _module_preset=\u00bbdefault\u00bb]<\/p>\n<div>\n<h1>MELOCOT\u00d3N<\/h1>\n<\/div>\n<div>\n<p>Es la rey de las frutas de hueso en verano. De ellas derivan las nectarinas, las pav\u00edas, los paraguayos, las platerinas y dem\u00e1s variedades del resto del mundo.<\/p>\n<p>Se pueden dividir en dos grandes grupos ya que hay una infinidad de variedades que se han ido implantando como cultivo en determinadas zona geogr\u00e1ficas seg\u00fan su climatolog\u00eda:<\/p>\n<ul>\n<li>El melocot\u00f3n de piel amarilla que se caracteriza por ser el m\u00e1s dulce y jugoso de todos (mayo\/septiembre)<\/li>\n<li>El melocot\u00f3n de piel roja en carne blanca y amarilla de muy diversas variedades (julio\/septiembre).<\/li>\n<\/ul>\n<\/div>\n<p>[\/et_pb_text][\/et_pb_column][\/et_pb_row][et_pb_row column_structure=\u00bb1_2,1_2&#8243; _builder_version=\u00bb4.6.6&#8243; _module_preset=\u00bbdefault\u00bb][et_pb_column type=\u00bb1_2&#8243; _builder_version=\u00bb4.6.6&#8243; _module_preset=\u00bbdefault\u00bb][et_pb_image src=\u00bbhttps:\/\/exquisitefruits.com\/wp-content\/uploads\/2020\/11\/Melocoton-1.png\u00bb title_text=\u00bbMelocoton\u00bb _builder_version=\u00bb4.6.6&#8243; _module_preset=\u00bbdefault\u00bb][\/et_pb_image][\/et_pb_column][et_pb_column type=\u00bb1_2&#8243; _builder_version=\u00bb4.6.6&#8243; _module_preset=\u00bbdefault\u00bb][et_pb_image src=\u00bbhttps:\/\/exquisitefruits.com\/wp-content\/uploads\/2020\/11\/melocoton-1.jpg\u00bb alt=\u00bbImagen melocot\u00f3n | Exquisite Fruits\u00bb title_text=\u00bbImagen melocot\u00f3n | Exquisite Fruits\u00bb _builder_version=\u00bb4.6.6&#8243; _module_preset=\u00bbdefault\u00bb][\/et_pb_image][\/et_pb_column][\/et_pb_row][et_pb_row _builder_version=\u00bb4.6.6&#8243; _module_preset=\u00bbdefault\u00bb][et_pb_column type=\u00bb4_4&#8243; _builder_version=\u00bb4.6.6&#8243; _module_preset=\u00bbdefault\u00bb][et_pb_text _builder_version=\u00bb4.6.6&#8243; _module_preset=\u00bbdefault\u00bb]<\/p>\n<h4 style=\"text-align: center;\">CALENDARIO DE PRODUCCI\u00d3N<\/h4>\n<p>[\/et_pb_text][\/et_pb_column][\/et_pb_row][et_pb_row _builder_version=\u00bb4.6.6&#8243; _module_preset=\u00bbdefault\u00bb][et_pb_column type=\u00bb4_4&#8243; _builder_version=\u00bb4.6.6&#8243; _module_preset=\u00bbdefault\u00bb][et_pb_image src=\u00bbhttps:\/\/exquisitefruits.com\/wp-content\/uploads\/2020\/11\/Melocoton-1024&#215;43-1.jpg\u00bb title_text=\u00bbMelocoton-1024&#215;43&#8243; show_in_lightbox=\u00bbon\u00bb _builder_version=\u00bb4.6.6&#8243; _module_preset=\u00bbdefault\u00bb][\/et_pb_image][\/et_pb_column][\/et_pb_row][\/et_pb_section]<\/p>\n","protected":false},"excerpt":{"rendered":"<p>MELOCOT\u00d3N Es la rey de las frutas de hueso en verano. De ellas derivan las nectarinas, las pav\u00edas, los paraguayos, las platerinas y dem\u00e1s variedades del resto del mundo. Se pueden dividir en dos grandes grupos ya que hay una infinidad de variedades que se han ido implantando como cultivo en determinadas zona geogr\u00e1ficas seg\u00fan [&hellip;]<\/p>\n","protected":false},"author":2,"featured_media":0,"parent":20,"menu_order":0,"comment_status":"closed","ping_status":"closed","template":"","meta":{"_et_pb_use_builder":"on","_et_pb_old_content":"<!-- wp:divi\/placeholder \/-->","_et_gb_content_width":"","footnotes":""},"class_list":["post-23561","page","type-page","status-publish","hentry"],"yoast_head":"<!-- This site is optimized with the Yoast SEO plugin v20.10 - https:\/\/yoast.com\/wordpress\/plugins\/seo\/ -->\n<title>Melocot\u00f3n ecol\u00f3gico - Exquisite Fruits<\/title>\n<meta name=\"robots\" content=\"index, follow, max-snippet:-1, max-image-preview:large, max-video-preview:-1\" \/>\n<link rel=\"canonical\" href=\"https:\/\/exquisitefruits.com\/es\/fruta-ecologica\/melocoton-ecologico\/\" \/>\n<meta property=\"og:locale\" content=\"es_ES\" \/>\n<meta property=\"og:type\" content=\"article\" \/>\n<meta property=\"og:title\" content=\"Melocot\u00f3n ecol\u00f3gico - Exquisite Fruits\" \/>\n<meta property=\"og:description\" content=\"MELOCOT\u00d3N Es la rey de las frutas de hueso en verano. De ellas derivan las nectarinas, las pav\u00edas, los paraguayos, las platerinas y dem\u00e1s variedades del resto del mundo. Se pueden dividir en dos grandes grupos ya que hay una infinidad de variedades que se han ido implantando como cultivo en determinadas zona geogr\u00e1ficas seg\u00fan [&hellip;]\" \/>\n<meta property=\"og:url\" content=\"https:\/\/exquisitefruits.com\/es\/fruta-ecologica\/melocoton-ecologico\/\" \/>\n<meta property=\"og:site_name\" content=\"Exquisite Fruits\" \/>\n<meta property=\"article:publisher\" content=\"https:\/\/www.facebook.com\/ExquisiteFruits\" \/>\n<meta property=\"article:modified_time\" content=\"2020-11-17T09:48:55+00:00\" \/>\n<meta name=\"twitter:card\" content=\"summary_large_image\" \/>\n<meta name=\"twitter:site\" content=\"@ExquisiteFruits\" \/>\n<meta name=\"twitter:label1\" content=\"Tiempo de lectura\" \/>\n\t<meta name=\"twitter:data1\" content=\"2 minutos\" \/>\n<script type=\"application\/ld+json\" class=\"yoast-schema-graph\">{\"@context\":\"https:\/\/schema.org\",\"@graph\":[{\"@type\":\"WebPage\",\"@id\":\"https:\/\/exquisitefruits.com\/es\/fruta-ecologica\/melocoton-ecologico\/\",\"url\":\"https:\/\/exquisitefruits.com\/es\/fruta-ecologica\/melocoton-ecologico\/\",\"name\":\"Melocot\u00f3n ecol\u00f3gico - Exquisite Fruits\",\"isPartOf\":{\"@id\":\"https:\/\/exquisitefruits.com\/#website\"},\"datePublished\":\"2020-11-17T09:42:31+00:00\",\"dateModified\":\"2020-11-17T09:48:55+00:00\",\"breadcrumb\":{\"@id\":\"https:\/\/exquisitefruits.com\/es\/fruta-ecologica\/melocoton-ecologico\/#breadcrumb\"},\"inLanguage\":\"es\",\"potentialAction\":[{\"@type\":\"ReadAction\",\"target\":[\"https:\/\/exquisitefruits.com\/es\/fruta-ecologica\/melocoton-ecologico\/\"]}]},{\"@type\":\"BreadcrumbList\",\"@id\":\"https:\/\/exquisitefruits.com\/es\/fruta-ecologica\/melocoton-ecologico\/#breadcrumb\",\"itemListElement\":[{\"@type\":\"ListItem\",\"position\":1,\"name\":\"Portada\",\"item\":\"https:\/\/exquisitefruits.com\/es\/\"},{\"@type\":\"ListItem\",\"position\":2,\"name\":\"Fruta ecol\u00f3gica\",\"item\":\"https:\/\/exquisitefruits.com\/es\/fruta-ecologica\/\"},{\"@type\":\"ListItem\",\"position\":3,\"name\":\"Melocot\u00f3n ecol\u00f3gico\"}]},{\"@type\":\"WebSite\",\"@id\":\"https:\/\/exquisitefruits.com\/#website\",\"url\":\"https:\/\/exquisitefruits.com\/\",\"name\":\"Exquisite Fruits\",\"description\":\"Exportaci\u00f3n de fruta y verdura\",\"potentialAction\":[{\"@type\":\"SearchAction\",\"target\":{\"@type\":\"EntryPoint\",\"urlTemplate\":\"https:\/\/exquisitefruits.com\/?s={search_term_string}\"},\"query-input\":\"required name=search_term_string\"}],\"inLanguage\":\"es\"}]}<\/script>\n<!-- \/ Yoast SEO plugin. -->","yoast_head_json":{"title":"Melocot\u00f3n ecol\u00f3gico - Exquisite Fruits","robots":{"index":"index","follow":"follow","max-snippet":"max-snippet:-1","max-image-preview":"max-image-preview:large","max-video-preview":"max-video-preview:-1"},"canonical":"https:\/\/exquisitefruits.com\/es\/fruta-ecologica\/melocoton-ecologico\/","og_locale":"es_ES","og_type":"article","og_title":"Melocot\u00f3n ecol\u00f3gico - Exquisite Fruits","og_description":"MELOCOT\u00d3N Es la rey de las frutas de hueso en verano. De ellas derivan las nectarinas, las pav\u00edas, los paraguayos, las platerinas y dem\u00e1s variedades del resto del mundo. Se pueden dividir en dos grandes grupos ya que hay una infinidad de variedades que se han ido implantando como cultivo en determinadas zona geogr\u00e1ficas seg\u00fan [&hellip;]","og_url":"https:\/\/exquisitefruits.com\/es\/fruta-ecologica\/melocoton-ecologico\/","og_site_name":"Exquisite Fruits","article_publisher":"https:\/\/www.facebook.com\/ExquisiteFruits","article_modified_time":"2020-11-17T09:48:55+00:00","twitter_card":"summary_large_image","twitter_site":"@ExquisiteFruits","twitter_misc":{"Tiempo de lectura":"2 minutos"},"schema":{"@context":"https:\/\/schema.org","@graph":[{"@type":"WebPage","@id":"https:\/\/exquisitefruits.com\/es\/fruta-ecologica\/melocoton-ecologico\/","url":"https:\/\/exquisitefruits.com\/es\/fruta-ecologica\/melocoton-ecologico\/","name":"Melocot\u00f3n ecol\u00f3gico - Exquisite Fruits","isPartOf":{"@id":"https:\/\/exquisitefruits.com\/#website"},"datePublished":"2020-11-17T09:42:31+00:00","dateModified":"2020-11-17T09:48:55+00:00","breadcrumb":{"@id":"https:\/\/exquisitefruits.com\/es\/fruta-ecologica\/melocoton-ecologico\/#breadcrumb"},"inLanguage":"es","potentialAction":[{"@type":"ReadAction","target":["https:\/\/exquisitefruits.com\/es\/fruta-ecologica\/melocoton-ecologico\/"]}]},{"@type":"BreadcrumbList","@id":"https:\/\/exquisitefruits.com\/es\/fruta-ecologica\/melocoton-ecologico\/#breadcrumb","itemListElement":[{"@type":"ListItem","position":1,"name":"Portada","item":"https:\/\/exquisitefruits.com\/es\/"},{"@type":"ListItem","position":2,"name":"Fruta ecol\u00f3gica","item":"https:\/\/exquisitefruits.com\/es\/fruta-ecologica\/"},{"@type":"ListItem","position":3,"name":"Melocot\u00f3n ecol\u00f3gico"}]},{"@type":"WebSite","@id":"https:\/\/exquisitefruits.com\/#website","url":"https:\/\/exquisitefruits.com\/","name":"Exquisite Fruits","description":"Exportaci\u00f3n de fruta y verdura","potentialAction":[{"@type":"SearchAction","target":{"@type":"EntryPoint","urlTemplate":"https:\/\/exquisitefruits.com\/?s={search_term_string}"},"query-input":"required name=search_term_string"}],"inLanguage":"es"}]}},"_links":{"self":[{"href":"https:\/\/exquisitefruits.com\/es\/wp-json\/wp\/v2\/pages\/23561","targetHints":{"allow":["GET"]}}],"collection":[{"href":"https:\/\/exquisitefruits.com\/es\/wp-json\/wp\/v2\/pages"}],"about":[{"href":"https:\/\/exquisitefruits.com\/es\/wp-json\/wp\/v2\/types\/page"}],"author":[{"embeddable":true,"href":"https:\/\/exquisitefruits.com\/es\/wp-json\/wp\/v2\/users\/2"}],"replies":[{"embeddable":true,"href":"https:\/\/exquisitefruits.com\/es\/wp-json\/wp\/v2\/comments?post=23561"}],"version-history":[{"count":3,"href":"https:\/\/exquisitefruits.com\/es\/wp-json\/wp\/v2\/pages\/23561\/revisions"}],"predecessor-version":[{"id":23581,"href":"https:\/\/exquisitefruits.com\/es\/wp-json\/wp\/v2\/pages\/23561\/revisions\/23581"}],"up":[{"embeddable":true,"href":"https:\/\/exquisitefruits.com\/es\/wp-json\/wp\/v2\/pages\/20"}],"wp:attachment":[{"href":"https:\/\/exquisitefruits.com\/es\/wp-json\/wp\/v2\/media?parent=23561"}],"curies":[{"name":"wp","href":"https:\/\/api.w.org\/{rel}","templated":true}]}}