{"id":23437,"date":"2020-11-11T11:05:49","date_gmt":"2020-11-11T11:05:49","guid":{"rendered":"https:\/\/exquisitefruits.com\/?page_id=23437"},"modified":"2020-11-16T15:05:26","modified_gmt":"2020-11-16T15:05:26","slug":"frambuesa","status":"publish","type":"page","link":"https:\/\/exquisitefruits.com\/es\/berries\/frambuesa\/","title":{"rendered":"Frambuesa"},"content":{"rendered":"<p>[et_pb_section fb_built=\u00bb1&#8243; _builder_version=\u00bb4.6.6&#8243; _module_preset=\u00bbdefault\u00bb][et_pb_row _builder_version=\u00bb4.6.6&#8243; _module_preset=\u00bbdefault\u00bb][et_pb_column type=\u00bb4_4&#8243; _builder_version=\u00bb4.6.6&#8243; _module_preset=\u00bbdefault\u00bb][et_pb_text _builder_version=\u00bb4.6.6&#8243; _module_preset=\u00bbdefault\u00bb header_font=\u00bb|||on|||||\u00bb header_text_align=\u00bbcenter\u00bb hover_enabled=\u00bb0&#8243; sticky_enabled=\u00bb0&#8243;]<\/p>\n<h1 class=\"product_title entry-title\">FRAMBUESA<\/h1>\n<p>[\/et_pb_text][et_pb_text _builder_version=\u00bb4.6.6&#8243; _module_preset=\u00bbdefault\u00bb hover_enabled=\u00bb0&#8243; sticky_enabled=\u00bb0&#8243;]<\/p>\n<div class=\"woo-single-title-categories\">\n<p>La\u00a0frambuesa\u00a0es una de las frutas mas saludables\u00a0m\u00e1s saludables para nuestro organismo.\u00a0Sus propiedades nutricionales van desde el control natural del peso, pasando por el fortalecimiento de los huesos, hasta llegar incluso a la prevenci\u00f3n del c\u00e1ncer.<\/p>\n<p>Es extremadamente rica en antioxidantes naturales, fibra soluble, \u00e1cido f\u00f3lico y vitamina C., ayuda a\u00a0desintoxicar nuestro cuerpo despu\u00e9s de cada comida o a prevenir el envejecimiento prematuro.<\/p>\n<\/div>\n<p>[\/et_pb_text][\/et_pb_column][\/et_pb_row][et_pb_row _builder_version=\u00bb4.6.6&#8243; _module_preset=\u00bbdefault\u00bb][et_pb_column type=\u00bb4_4&#8243; _builder_version=\u00bb4.6.6&#8243; _module_preset=\u00bbdefault\u00bb][et_pb_image src=\u00bbhttps:\/\/exquisitefruits.com\/wp-content\/uploads\/2020\/11\/frambuesa.jpg\u00bb alt=\u00bbFrambuesa | Exquisite Fruits\u00bb title_text=\u00bbFrambuesa | Exquisite Fruits\u00bb align=\u00bbcenter\u00bb _builder_version=\u00bb4.6.6&#8243; _module_preset=\u00bbdefault\u00bb hover_enabled=\u00bb0&#8243; sticky_enabled=\u00bb0&#8243;][\/et_pb_image][\/et_pb_column][\/et_pb_row][et_pb_row _builder_version=\u00bb4.6.6&#8243; _module_preset=\u00bbdefault\u00bb][et_pb_column type=\u00bb4_4&#8243; _builder_version=\u00bb4.6.6&#8243; _module_preset=\u00bbdefault\u00bb][et_pb_text _builder_version=\u00bb4.6.6&#8243; _module_preset=\u00bbdefault\u00bb]<\/p>\n<h4 style=\"text-align: center;\">CALENDARIO DE PRODUCCI\u00d3N<\/h4>\n<p>[\/et_pb_text][\/et_pb_column][\/et_pb_row][et_pb_row _builder_version=\u00bb4.6.6&#8243; _module_preset=\u00bbdefault\u00bb][et_pb_column type=\u00bb4_4&#8243; _builder_version=\u00bb4.6.6&#8243; _module_preset=\u00bbdefault\u00bb][et_pb_image src=\u00bbhttps:\/\/exquisitefruits.com\/wp-content\/uploads\/2020\/11\/Frambuesa-1-scaled.jpg\u00bb title_text=\u00bbFrambuesa\u00bb show_in_lightbox=\u00bbon\u00bb _builder_version=\u00bb4.6.6&#8243; _module_preset=\u00bbdefault\u00bb hover_enabled=\u00bb0&#8243; sticky_enabled=\u00bb0&#8243;][\/et_pb_image][\/et_pb_column][\/et_pb_row][\/et_pb_section]<\/p>\n","protected":false},"excerpt":{"rendered":"<p>FRAMBUESA La\u00a0frambuesa\u00a0es una de las frutas mas saludables\u00a0m\u00e1s saludables para nuestro organismo.\u00a0Sus propiedades nutricionales van desde el control natural del peso, pasando por el fortalecimiento de los huesos, hasta llegar incluso a la prevenci\u00f3n del c\u00e1ncer. Es extremadamente rica en antioxidantes naturales, fibra soluble, \u00e1cido f\u00f3lico y vitamina C., ayuda a\u00a0desintoxicar nuestro cuerpo despu\u00e9s de [&hellip;]<\/p>\n","protected":false},"author":2,"featured_media":0,"parent":24,"menu_order":0,"comment_status":"closed","ping_status":"closed","template":"","meta":{"_et_pb_use_builder":"on","_et_pb_old_content":"<!-- wp:divi\/placeholder \/-->","_et_gb_content_width":"","footnotes":""},"class_list":["post-23437","page","type-page","status-publish","hentry"],"yoast_head":"<!-- This site is optimized with the Yoast SEO plugin v20.10 - https:\/\/yoast.com\/wordpress\/plugins\/seo\/ -->\n<title>Frambuesa - Exquisite Fruits<\/title>\n<meta name=\"robots\" content=\"index, follow, max-snippet:-1, max-image-preview:large, max-video-preview:-1\" \/>\n<link rel=\"canonical\" href=\"https:\/\/exquisitefruits.com\/es\/berries\/frambuesa\/\" \/>\n<meta property=\"og:locale\" content=\"es_ES\" \/>\n<meta property=\"og:type\" content=\"article\" \/>\n<meta property=\"og:title\" content=\"Frambuesa - Exquisite Fruits\" \/>\n<meta property=\"og:description\" content=\"FRAMBUESA La\u00a0frambuesa\u00a0es una de las frutas mas saludables\u00a0m\u00e1s saludables para nuestro organismo.\u00a0Sus propiedades nutricionales van desde el control natural del peso, pasando por el fortalecimiento de los huesos, hasta llegar incluso a la prevenci\u00f3n del c\u00e1ncer. Es extremadamente rica en antioxidantes naturales, fibra soluble, \u00e1cido f\u00f3lico y vitamina C., ayuda a\u00a0desintoxicar nuestro cuerpo despu\u00e9s de [&hellip;]\" \/>\n<meta property=\"og:url\" content=\"https:\/\/exquisitefruits.com\/es\/berries\/frambuesa\/\" \/>\n<meta property=\"og:site_name\" content=\"Exquisite Fruits\" \/>\n<meta property=\"article:publisher\" content=\"https:\/\/www.facebook.com\/ExquisiteFruits\" \/>\n<meta property=\"article:modified_time\" content=\"2020-11-16T15:05:26+00:00\" \/>\n<meta name=\"twitter:card\" content=\"summary_large_image\" \/>\n<meta name=\"twitter:site\" content=\"@ExquisiteFruits\" \/>\n<meta name=\"twitter:label1\" content=\"Tiempo de lectura\" \/>\n\t<meta name=\"twitter:data1\" content=\"1 minuto\" \/>\n<script type=\"application\/ld+json\" class=\"yoast-schema-graph\">{\"@context\":\"https:\/\/schema.org\",\"@graph\":[{\"@type\":\"WebPage\",\"@id\":\"https:\/\/exquisitefruits.com\/es\/berries\/frambuesa\/\",\"url\":\"https:\/\/exquisitefruits.com\/es\/berries\/frambuesa\/\",\"name\":\"Frambuesa - Exquisite Fruits\",\"isPartOf\":{\"@id\":\"https:\/\/exquisitefruits.com\/#website\"},\"datePublished\":\"2020-11-11T11:05:49+00:00\",\"dateModified\":\"2020-11-16T15:05:26+00:00\",\"breadcrumb\":{\"@id\":\"https:\/\/exquisitefruits.com\/es\/berries\/frambuesa\/#breadcrumb\"},\"inLanguage\":\"es\",\"potentialAction\":[{\"@type\":\"ReadAction\",\"target\":[\"https:\/\/exquisitefruits.com\/es\/berries\/frambuesa\/\"]}]},{\"@type\":\"BreadcrumbList\",\"@id\":\"https:\/\/exquisitefruits.com\/es\/berries\/frambuesa\/#breadcrumb\",\"itemListElement\":[{\"@type\":\"ListItem\",\"position\":1,\"name\":\"Portada\",\"item\":\"https:\/\/exquisitefruits.com\/es\/\"},{\"@type\":\"ListItem\",\"position\":2,\"name\":\"Berries\",\"item\":\"https:\/\/exquisitefruits.com\/es\/berries\/\"},{\"@type\":\"ListItem\",\"position\":3,\"name\":\"Frambuesa\"}]},{\"@type\":\"WebSite\",\"@id\":\"https:\/\/exquisitefruits.com\/#website\",\"url\":\"https:\/\/exquisitefruits.com\/\",\"name\":\"Exquisite Fruits\",\"description\":\"Exportaci\u00f3n de fruta y verdura\",\"potentialAction\":[{\"@type\":\"SearchAction\",\"target\":{\"@type\":\"EntryPoint\",\"urlTemplate\":\"https:\/\/exquisitefruits.com\/?s={search_term_string}\"},\"query-input\":\"required name=search_term_string\"}],\"inLanguage\":\"es\"}]}<\/script>\n<!-- \/ Yoast SEO plugin. -->","yoast_head_json":{"title":"Frambuesa - Exquisite Fruits","robots":{"index":"index","follow":"follow","max-snippet":"max-snippet:-1","max-image-preview":"max-image-preview:large","max-video-preview":"max-video-preview:-1"},"canonical":"https:\/\/exquisitefruits.com\/es\/berries\/frambuesa\/","og_locale":"es_ES","og_type":"article","og_title":"Frambuesa - Exquisite Fruits","og_description":"FRAMBUESA La\u00a0frambuesa\u00a0es una de las frutas mas saludables\u00a0m\u00e1s saludables para nuestro organismo.\u00a0Sus propiedades nutricionales van desde el control natural del peso, pasando por el fortalecimiento de los huesos, hasta llegar incluso a la prevenci\u00f3n del c\u00e1ncer. Es extremadamente rica en antioxidantes naturales, fibra soluble, \u00e1cido f\u00f3lico y vitamina C., ayuda a\u00a0desintoxicar nuestro cuerpo despu\u00e9s de [&hellip;]","og_url":"https:\/\/exquisitefruits.com\/es\/berries\/frambuesa\/","og_site_name":"Exquisite Fruits","article_publisher":"https:\/\/www.facebook.com\/ExquisiteFruits","article_modified_time":"2020-11-16T15:05:26+00:00","twitter_card":"summary_large_image","twitter_site":"@ExquisiteFruits","twitter_misc":{"Tiempo de lectura":"1 minuto"},"schema":{"@context":"https:\/\/schema.org","@graph":[{"@type":"WebPage","@id":"https:\/\/exquisitefruits.com\/es\/berries\/frambuesa\/","url":"https:\/\/exquisitefruits.com\/es\/berries\/frambuesa\/","name":"Frambuesa - Exquisite Fruits","isPartOf":{"@id":"https:\/\/exquisitefruits.com\/#website"},"datePublished":"2020-11-11T11:05:49+00:00","dateModified":"2020-11-16T15:05:26+00:00","breadcrumb":{"@id":"https:\/\/exquisitefruits.com\/es\/berries\/frambuesa\/#breadcrumb"},"inLanguage":"es","potentialAction":[{"@type":"ReadAction","target":["https:\/\/exquisitefruits.com\/es\/berries\/frambuesa\/"]}]},{"@type":"BreadcrumbList","@id":"https:\/\/exquisitefruits.com\/es\/berries\/frambuesa\/#breadcrumb","itemListElement":[{"@type":"ListItem","position":1,"name":"Portada","item":"https:\/\/exquisitefruits.com\/es\/"},{"@type":"ListItem","position":2,"name":"Berries","item":"https:\/\/exquisitefruits.com\/es\/berries\/"},{"@type":"ListItem","position":3,"name":"Frambuesa"}]},{"@type":"WebSite","@id":"https:\/\/exquisitefruits.com\/#website","url":"https:\/\/exquisitefruits.com\/","name":"Exquisite Fruits","description":"Exportaci\u00f3n de fruta y verdura","potentialAction":[{"@type":"SearchAction","target":{"@type":"EntryPoint","urlTemplate":"https:\/\/exquisitefruits.com\/?s={search_term_string}"},"query-input":"required name=search_term_string"}],"inLanguage":"es"}]}},"_links":{"self":[{"href":"https:\/\/exquisitefruits.com\/es\/wp-json\/wp\/v2\/pages\/23437","targetHints":{"allow":["GET"]}}],"collection":[{"href":"https:\/\/exquisitefruits.com\/es\/wp-json\/wp\/v2\/pages"}],"about":[{"href":"https:\/\/exquisitefruits.com\/es\/wp-json\/wp\/v2\/types\/page"}],"author":[{"embeddable":true,"href":"https:\/\/exquisitefruits.com\/es\/wp-json\/wp\/v2\/users\/2"}],"replies":[{"embeddable":true,"href":"https:\/\/exquisitefruits.com\/es\/wp-json\/wp\/v2\/comments?post=23437"}],"version-history":[{"count":4,"href":"https:\/\/exquisitefruits.com\/es\/wp-json\/wp\/v2\/pages\/23437\/revisions"}],"predecessor-version":[{"id":23486,"href":"https:\/\/exquisitefruits.com\/es\/wp-json\/wp\/v2\/pages\/23437\/revisions\/23486"}],"up":[{"embeddable":true,"href":"https:\/\/exquisitefruits.com\/es\/wp-json\/wp\/v2\/pages\/24"}],"wp:attachment":[{"href":"https:\/\/exquisitefruits.com\/es\/wp-json\/wp\/v2\/media?parent=23437"}],"curies":[{"name":"wp","href":"https:\/\/api.w.org\/{rel}","templated":true}]}}