{"id":23294,"date":"2020-11-09T13:54:18","date_gmt":"2020-11-09T13:54:18","guid":{"rendered":"https:\/\/exquisitefruits.com\/?page_id=23294"},"modified":"2020-12-18T00:22:32","modified_gmt":"2020-12-18T00:22:32","slug":"aguacate","status":"publish","type":"page","link":"https:\/\/exquisitefruits.com\/es\/fruta-exotica\/aguacate\/","title":{"rendered":"Aguacate"},"content":{"rendered":"<p>[et_pb_section fb_built=\u00bb1&#8243; _builder_version=\u00bb4.6.6&#8243; _module_preset=\u00bbdefault\u00bb][et_pb_row _builder_version=\u00bb4.6.6&#8243; _module_preset=\u00bbdefault\u00bb][et_pb_column type=\u00bb4_4&#8243; _builder_version=\u00bb4.6.6&#8243; _module_preset=\u00bbdefault\u00bb][et_pb_text _builder_version=\u00bb4.7.7&#8243; _module_preset=\u00bbdefault\u00bb header_font=\u00bb|||on|||||\u00bb header_text_align=\u00bbcenter\u00bb hover_enabled=\u00bb0&#8243; sticky_enabled=\u00bb0&#8243;]<\/p>\n<h1 class=\"product_title entry-title\">AGUACATE<\/h1>\n<p>[\/et_pb_text][et_pb_text _builder_version=\u00bb4.7.7&#8243; _module_preset=\u00bbdefault\u00bb hover_enabled=\u00bb0&#8243; sticky_enabled=\u00bb0&#8243;]<\/p>\n<div class=\"woo-single-title-categories\">\n<p>Fruta ex\u00f3tica con numerosas propiedades para la salud de textura cremosa y muy agradable para el paladar.<\/p>\n<p>El aguacate aporta vitaminas,\u00a0minerales\u00a0y\u00a0fibra alimentaria, as\u00ed como\u00a0\u00abgrasas cardiosaludables\u00bb por lo que puede ser definido como un \u00absuperalimento\u00bb que ayuda a regular los\u00a0niveles de colesterol\u00a0seg\u00fan confirma\u00a0la Sociedad Espa\u00f1ola de Diet\u00e9tica y Ciencias de la Alimentaci\u00f3n (SEDCA)<\/p>\n<p>Variedades: Bacon, Fuerte, Pinkerton, Hass, Reed, Lamb Hass, Zutano<\/p>\n<\/div>\n<p>[\/et_pb_text][\/et_pb_column][\/et_pb_row][et_pb_row _builder_version=\u00bb4.6.6&#8243; _module_preset=\u00bbdefault\u00bb][et_pb_column type=\u00bb4_4&#8243; _builder_version=\u00bb4.6.6&#8243; _module_preset=\u00bbdefault\u00bb][et_pb_image src=\u00bbhttps:\/\/exquisitefruits.com\/wp-content\/uploads\/2020\/11\/aguacate.png\u00bb alt=\u00bbImagen aguacate | Exquisite Fruits\u00bb title_text=\u00bbImagen aguacate | Exquisite Fruits\u00bb align=\u00bbcenter\u00bb _builder_version=\u00bb4.6.6&#8243; _module_preset=\u00bbdefault\u00bb][\/et_pb_image][\/et_pb_column][\/et_pb_row][et_pb_row _builder_version=\u00bb4.6.6&#8243; _module_preset=\u00bbdefault\u00bb][et_pb_column type=\u00bb4_4&#8243; _builder_version=\u00bb4.6.6&#8243; _module_preset=\u00bbdefault\u00bb][et_pb_text _builder_version=\u00bb4.6.6&#8243; _module_preset=\u00bbdefault\u00bb]<\/p>\n<h4 style=\"text-align: center;\">CALENDARIO DE PRODUCCI\u00d3N<\/h4>\n<p>[\/et_pb_text][\/et_pb_column][\/et_pb_row][et_pb_row _builder_version=\u00bb4.6.6&#8243; _module_preset=\u00bbdefault\u00bb][et_pb_column type=\u00bb4_4&#8243; _builder_version=\u00bb4.6.6&#8243; _module_preset=\u00bbdefault\u00bb][et_pb_image src=\u00bbhttps:\/\/exquisitefruits.com\/wp-content\/uploads\/2020\/11\/Aguacate.jpg\u00bb title_text=\u00bbAguacate\u00bb show_in_lightbox=\u00bbon\u00bb _builder_version=\u00bb4.6.6&#8243; _module_preset=\u00bbdefault\u00bb][\/et_pb_image][\/et_pb_column][\/et_pb_row][\/et_pb_section]<\/p>\n","protected":false},"excerpt":{"rendered":"<p>AGUACATE Fruta ex\u00f3tica con numerosas propiedades para la salud de textura cremosa y muy agradable para el paladar. El aguacate aporta vitaminas,\u00a0minerales\u00a0y\u00a0fibra alimentaria, as\u00ed como\u00a0\u00abgrasas cardiosaludables\u00bb por lo que puede ser definido como un \u00absuperalimento\u00bb que ayuda a regular los\u00a0niveles de colesterol\u00a0seg\u00fan confirma\u00a0la Sociedad Espa\u00f1ola de Diet\u00e9tica y Ciencias de la Alimentaci\u00f3n (SEDCA) Variedades: Bacon, [&hellip;]<\/p>\n","protected":false},"author":2,"featured_media":0,"parent":22,"menu_order":0,"comment_status":"closed","ping_status":"closed","template":"","meta":{"_et_pb_use_builder":"on","_et_pb_old_content":"<!-- wp:divi\/placeholder \/-->","_et_gb_content_width":"","footnotes":""},"class_list":["post-23294","page","type-page","status-publish","hentry"],"yoast_head":"<!-- This site is optimized with the Yoast SEO plugin v20.10 - https:\/\/yoast.com\/wordpress\/plugins\/seo\/ -->\n<title>Aguacate - Exquisite Fruits<\/title>\n<meta name=\"robots\" content=\"index, follow, max-snippet:-1, max-image-preview:large, max-video-preview:-1\" \/>\n<link rel=\"canonical\" href=\"https:\/\/exquisitefruits.com\/fruta-exotica\/aguacate\/\" \/>\n<meta property=\"og:locale\" content=\"es_ES\" \/>\n<meta property=\"og:type\" content=\"article\" \/>\n<meta property=\"og:title\" content=\"Aguacate - Exquisite Fruits\" \/>\n<meta property=\"og:description\" content=\"AGUACATE Fruta ex\u00f3tica con numerosas propiedades para la salud de textura cremosa y muy agradable para el paladar. El aguacate aporta vitaminas,\u00a0minerales\u00a0y\u00a0fibra alimentaria, as\u00ed como\u00a0&quot;grasas cardiosaludables&quot; por lo que puede ser definido como un &quot;superalimento&quot; que ayuda a regular los\u00a0niveles de colesterol\u00a0seg\u00fan confirma\u00a0la Sociedad Espa\u00f1ola de Diet\u00e9tica y Ciencias de la Alimentaci\u00f3n (SEDCA) Variedades: Bacon, [&hellip;]\" \/>\n<meta property=\"og:url\" content=\"https:\/\/exquisitefruits.com\/fruta-exotica\/aguacate\/\" \/>\n<meta property=\"og:site_name\" content=\"Exquisite Fruits\" \/>\n<meta property=\"article:publisher\" content=\"https:\/\/www.facebook.com\/ExquisiteFruits\" \/>\n<meta property=\"article:modified_time\" content=\"2020-12-18T00:22:32+00:00\" \/>\n<meta name=\"twitter:card\" content=\"summary_large_image\" \/>\n<meta name=\"twitter:site\" content=\"@ExquisiteFruits\" \/>\n<meta name=\"twitter:label1\" content=\"Tiempo de lectura\" \/>\n\t<meta name=\"twitter:data1\" content=\"1 minuto\" \/>\n<script type=\"application\/ld+json\" class=\"yoast-schema-graph\">{\"@context\":\"https:\/\/schema.org\",\"@graph\":[{\"@type\":\"WebPage\",\"@id\":\"https:\/\/exquisitefruits.com\/fruta-exotica\/aguacate\/\",\"url\":\"https:\/\/exquisitefruits.com\/fruta-exotica\/aguacate\/\",\"name\":\"Aguacate - Exquisite Fruits\",\"isPartOf\":{\"@id\":\"https:\/\/exquisitefruits.com\/#website\"},\"datePublished\":\"2020-11-09T13:54:18+00:00\",\"dateModified\":\"2020-12-18T00:22:32+00:00\",\"breadcrumb\":{\"@id\":\"https:\/\/exquisitefruits.com\/fruta-exotica\/aguacate\/#breadcrumb\"},\"inLanguage\":\"es\",\"potentialAction\":[{\"@type\":\"ReadAction\",\"target\":[\"https:\/\/exquisitefruits.com\/fruta-exotica\/aguacate\/\"]}]},{\"@type\":\"BreadcrumbList\",\"@id\":\"https:\/\/exquisitefruits.com\/fruta-exotica\/aguacate\/#breadcrumb\",\"itemListElement\":[{\"@type\":\"ListItem\",\"position\":1,\"name\":\"Portada\",\"item\":\"https:\/\/exquisitefruits.com\/es\/\"},{\"@type\":\"ListItem\",\"position\":2,\"name\":\"Fruta ex\u00f3tica\",\"item\":\"https:\/\/exquisitefruits.com\/fruta-exotica\/\"},{\"@type\":\"ListItem\",\"position\":3,\"name\":\"Aguacate\"}]},{\"@type\":\"WebSite\",\"@id\":\"https:\/\/exquisitefruits.com\/#website\",\"url\":\"https:\/\/exquisitefruits.com\/\",\"name\":\"Exquisite Fruits\",\"description\":\"Exportaci\u00f3n de fruta y verdura\",\"potentialAction\":[{\"@type\":\"SearchAction\",\"target\":{\"@type\":\"EntryPoint\",\"urlTemplate\":\"https:\/\/exquisitefruits.com\/?s={search_term_string}\"},\"query-input\":\"required name=search_term_string\"}],\"inLanguage\":\"es\"}]}<\/script>\n<!-- \/ Yoast SEO plugin. -->","yoast_head_json":{"title":"Aguacate - Exquisite Fruits","robots":{"index":"index","follow":"follow","max-snippet":"max-snippet:-1","max-image-preview":"max-image-preview:large","max-video-preview":"max-video-preview:-1"},"canonical":"https:\/\/exquisitefruits.com\/fruta-exotica\/aguacate\/","og_locale":"es_ES","og_type":"article","og_title":"Aguacate - Exquisite Fruits","og_description":"AGUACATE Fruta ex\u00f3tica con numerosas propiedades para la salud de textura cremosa y muy agradable para el paladar. El aguacate aporta vitaminas,\u00a0minerales\u00a0y\u00a0fibra alimentaria, as\u00ed como\u00a0\"grasas cardiosaludables\" por lo que puede ser definido como un \"superalimento\" que ayuda a regular los\u00a0niveles de colesterol\u00a0seg\u00fan confirma\u00a0la Sociedad Espa\u00f1ola de Diet\u00e9tica y Ciencias de la Alimentaci\u00f3n (SEDCA) Variedades: Bacon, [&hellip;]","og_url":"https:\/\/exquisitefruits.com\/fruta-exotica\/aguacate\/","og_site_name":"Exquisite Fruits","article_publisher":"https:\/\/www.facebook.com\/ExquisiteFruits","article_modified_time":"2020-12-18T00:22:32+00:00","twitter_card":"summary_large_image","twitter_site":"@ExquisiteFruits","twitter_misc":{"Tiempo de lectura":"1 minuto"},"schema":{"@context":"https:\/\/schema.org","@graph":[{"@type":"WebPage","@id":"https:\/\/exquisitefruits.com\/fruta-exotica\/aguacate\/","url":"https:\/\/exquisitefruits.com\/fruta-exotica\/aguacate\/","name":"Aguacate - Exquisite Fruits","isPartOf":{"@id":"https:\/\/exquisitefruits.com\/#website"},"datePublished":"2020-11-09T13:54:18+00:00","dateModified":"2020-12-18T00:22:32+00:00","breadcrumb":{"@id":"https:\/\/exquisitefruits.com\/fruta-exotica\/aguacate\/#breadcrumb"},"inLanguage":"es","potentialAction":[{"@type":"ReadAction","target":["https:\/\/exquisitefruits.com\/fruta-exotica\/aguacate\/"]}]},{"@type":"BreadcrumbList","@id":"https:\/\/exquisitefruits.com\/fruta-exotica\/aguacate\/#breadcrumb","itemListElement":[{"@type":"ListItem","position":1,"name":"Portada","item":"https:\/\/exquisitefruits.com\/es\/"},{"@type":"ListItem","position":2,"name":"Fruta ex\u00f3tica","item":"https:\/\/exquisitefruits.com\/fruta-exotica\/"},{"@type":"ListItem","position":3,"name":"Aguacate"}]},{"@type":"WebSite","@id":"https:\/\/exquisitefruits.com\/#website","url":"https:\/\/exquisitefruits.com\/","name":"Exquisite Fruits","description":"Exportaci\u00f3n de fruta y verdura","potentialAction":[{"@type":"SearchAction","target":{"@type":"EntryPoint","urlTemplate":"https:\/\/exquisitefruits.com\/?s={search_term_string}"},"query-input":"required name=search_term_string"}],"inLanguage":"es"}]}},"_links":{"self":[{"href":"https:\/\/exquisitefruits.com\/es\/wp-json\/wp\/v2\/pages\/23294","targetHints":{"allow":["GET"]}}],"collection":[{"href":"https:\/\/exquisitefruits.com\/es\/wp-json\/wp\/v2\/pages"}],"about":[{"href":"https:\/\/exquisitefruits.com\/es\/wp-json\/wp\/v2\/types\/page"}],"author":[{"embeddable":true,"href":"https:\/\/exquisitefruits.com\/es\/wp-json\/wp\/v2\/users\/2"}],"replies":[{"embeddable":true,"href":"https:\/\/exquisitefruits.com\/es\/wp-json\/wp\/v2\/comments?post=23294"}],"version-history":[{"count":8,"href":"https:\/\/exquisitefruits.com\/es\/wp-json\/wp\/v2\/pages\/23294\/revisions"}],"predecessor-version":[{"id":25861,"href":"https:\/\/exquisitefruits.com\/es\/wp-json\/wp\/v2\/pages\/23294\/revisions\/25861"}],"up":[{"embeddable":true,"href":"https:\/\/exquisitefruits.com\/es\/wp-json\/wp\/v2\/pages\/22"}],"wp:attachment":[{"href":"https:\/\/exquisitefruits.com\/es\/wp-json\/wp\/v2\/media?parent=23294"}],"curies":[{"name":"wp","href":"https:\/\/api.w.org\/{rel}","templated":true}]}}