{"id":23272,"date":"2020-11-09T13:46:56","date_gmt":"2020-11-09T13:46:56","guid":{"rendered":"https:\/\/exquisitefruits.com\/?page_id=23272"},"modified":"2020-12-18T00:22:17","modified_gmt":"2020-12-18T00:22:17","slug":"granada","status":"publish","type":"page","link":"https:\/\/exquisitefruits.com\/es\/fruta\/granada\/","title":{"rendered":"Granada"},"content":{"rendered":"<p>[et_pb_section fb_built=\u00bb1&#8243; _builder_version=\u00bb4.6.6&#8243; _module_preset=\u00bbdefault\u00bb][et_pb_row _builder_version=\u00bb4.7.7&#8243; _module_preset=\u00bbdefault\u00bb][et_pb_column type=\u00bb4_4&#8243; _builder_version=\u00bb4.6.6&#8243; _module_preset=\u00bbdefault\u00bb][et_pb_text _builder_version=\u00bb4.7.7&#8243; _module_preset=\u00bbdefault\u00bb]<\/p>\n<div class=\"woo-single-title-categories\">\n<h1 style=\"text-align: center;\">GRANADA<\/h1>\n<p>La granada es una de las frutas que m\u00e1s propiedades tiene. Tiene alto contenido de vitamina C, adem\u00e1s de vitamina B5\u00a0 vitamina A, vitamina E y \u00e1cido f\u00f3lico. Adem\u00e1s, tiene altos niveles de antioxidantes, los cuales combaten los radicales libres e impiden el envejecimiento celular.<\/p>\n<p>Se usan diversas partes de la fruta para tratar varias enfermedades, entre las que destaca la propiedad de reducir el riesgo de ataques card\u00edacos, mejorar el flujo sangu\u00edneo al coraz\u00f3n y mantener las arterias libres de dep\u00f3sitos grasos.<\/p>\n<p>Variedades:\u00a0Mollar, Emek, Wonderfull, Acco, Smith<\/p>\n<\/div>\n<p>[\/et_pb_text][\/et_pb_column][\/et_pb_row][et_pb_row column_structure=\u00bb1_2,1_2&#8243; _builder_version=\u00bb4.6.6&#8243; _module_preset=\u00bbdefault\u00bb][et_pb_column type=\u00bb1_2&#8243; _builder_version=\u00bb4.6.6&#8243; _module_preset=\u00bbdefault\u00bb][et_pb_image src=\u00bbhttps:\/\/exquisitefruits.com\/wp-content\/uploads\/2020\/11\/caja-de-granadas.png\u00bb title_text=\u00bbcaja de granadas\u00bb _builder_version=\u00bb4.6.6&#8243; _module_preset=\u00bbdefault\u00bb][\/et_pb_image][\/et_pb_column][et_pb_column type=\u00bb1_2&#8243; _builder_version=\u00bb4.6.6&#8243; _module_preset=\u00bbdefault\u00bb][et_pb_image src=\u00bbhttps:\/\/exquisitefruits.com\/wp-content\/uploads\/2020\/11\/granada-1.jpg\u00bb alt=\u00bbImagen granada | Exquisite Fruits\u00bb title_text=\u00bbImagen granada | Exquisite Fruits\u00bb _builder_version=\u00bb4.6.6&#8243; _module_preset=\u00bbdefault\u00bb][\/et_pb_image][\/et_pb_column][\/et_pb_row][et_pb_row _builder_version=\u00bb4.6.6&#8243; _module_preset=\u00bbdefault\u00bb][et_pb_column type=\u00bb4_4&#8243; _builder_version=\u00bb4.6.6&#8243; _module_preset=\u00bbdefault\u00bb][et_pb_text _builder_version=\u00bb4.6.6&#8243; _module_preset=\u00bbdefault\u00bb]<\/p>\n<h4 style=\"text-align: center;\">CALENDARIO DE PRODUCCI\u00d3N<\/h4>\n<p>[\/et_pb_text][\/et_pb_column][\/et_pb_row][et_pb_row _builder_version=\u00bb4.6.6&#8243; _module_preset=\u00bbdefault\u00bb][et_pb_column type=\u00bb4_4&#8243; _builder_version=\u00bb4.6.6&#8243; _module_preset=\u00bbdefault\u00bb][et_pb_image src=\u00bbhttps:\/\/exquisitefruits.com\/wp-content\/uploads\/2020\/11\/granada-1-1024&#215;33-1.jpg\u00bb title_text=\u00bbgranada-1-1024&#215;33&#8243; show_in_lightbox=\u00bbon\u00bb _builder_version=\u00bb4.6.6&#8243; _module_preset=\u00bbdefault\u00bb][\/et_pb_image][\/et_pb_column][\/et_pb_row][\/et_pb_section]<\/p>\n","protected":false},"excerpt":{"rendered":"<p>GRANADA La granada es una de las frutas que m\u00e1s propiedades tiene. Tiene alto contenido de vitamina C, adem\u00e1s de vitamina B5\u00a0 vitamina A, vitamina E y \u00e1cido f\u00f3lico. Adem\u00e1s, tiene altos niveles de antioxidantes, los cuales combaten los radicales libres e impiden el envejecimiento celular. Se usan diversas partes de la fruta para tratar [&hellip;]<\/p>\n","protected":false},"author":2,"featured_media":0,"parent":18,"menu_order":0,"comment_status":"closed","ping_status":"closed","template":"","meta":{"_et_pb_use_builder":"on","_et_pb_old_content":"<!-- wp:divi\/placeholder \/-->","_et_gb_content_width":"","footnotes":""},"class_list":["post-23272","page","type-page","status-publish","hentry"],"yoast_head":"<!-- This site is optimized with the Yoast SEO plugin v20.10 - https:\/\/yoast.com\/wordpress\/plugins\/seo\/ -->\n<title>Granada - Exquisite Fruits<\/title>\n<meta name=\"robots\" content=\"index, follow, max-snippet:-1, max-image-preview:large, max-video-preview:-1\" \/>\n<link rel=\"canonical\" href=\"https:\/\/exquisitefruits.com\/es\/fruta\/granada\/\" \/>\n<meta property=\"og:locale\" content=\"es_ES\" \/>\n<meta property=\"og:type\" content=\"article\" \/>\n<meta property=\"og:title\" content=\"Granada - Exquisite Fruits\" \/>\n<meta property=\"og:description\" content=\"GRANADA La granada es una de las frutas que m\u00e1s propiedades tiene. Tiene alto contenido de vitamina C, adem\u00e1s de vitamina B5\u00a0 vitamina A, vitamina E y \u00e1cido f\u00f3lico. Adem\u00e1s, tiene altos niveles de antioxidantes, los cuales combaten los radicales libres e impiden el envejecimiento celular. Se usan diversas partes de la fruta para tratar [&hellip;]\" \/>\n<meta property=\"og:url\" content=\"https:\/\/exquisitefruits.com\/es\/fruta\/granada\/\" \/>\n<meta property=\"og:site_name\" content=\"Exquisite Fruits\" \/>\n<meta property=\"article:publisher\" content=\"https:\/\/www.facebook.com\/ExquisiteFruits\" \/>\n<meta property=\"article:modified_time\" content=\"2020-12-18T00:22:17+00:00\" \/>\n<meta name=\"twitter:card\" content=\"summary_large_image\" \/>\n<meta name=\"twitter:site\" content=\"@ExquisiteFruits\" \/>\n<meta name=\"twitter:label1\" content=\"Tiempo de lectura\" \/>\n\t<meta name=\"twitter:data1\" content=\"2 minutos\" \/>\n<script type=\"application\/ld+json\" class=\"yoast-schema-graph\">{\"@context\":\"https:\/\/schema.org\",\"@graph\":[{\"@type\":\"WebPage\",\"@id\":\"https:\/\/exquisitefruits.com\/es\/fruta\/granada\/\",\"url\":\"https:\/\/exquisitefruits.com\/es\/fruta\/granada\/\",\"name\":\"Granada - Exquisite Fruits\",\"isPartOf\":{\"@id\":\"https:\/\/exquisitefruits.com\/#website\"},\"datePublished\":\"2020-11-09T13:46:56+00:00\",\"dateModified\":\"2020-12-18T00:22:17+00:00\",\"breadcrumb\":{\"@id\":\"https:\/\/exquisitefruits.com\/es\/fruta\/granada\/#breadcrumb\"},\"inLanguage\":\"es\",\"potentialAction\":[{\"@type\":\"ReadAction\",\"target\":[\"https:\/\/exquisitefruits.com\/es\/fruta\/granada\/\"]}]},{\"@type\":\"BreadcrumbList\",\"@id\":\"https:\/\/exquisitefruits.com\/es\/fruta\/granada\/#breadcrumb\",\"itemListElement\":[{\"@type\":\"ListItem\",\"position\":1,\"name\":\"Portada\",\"item\":\"https:\/\/exquisitefruits.com\/es\/\"},{\"@type\":\"ListItem\",\"position\":2,\"name\":\"Fruta\",\"item\":\"https:\/\/exquisitefruits.com\/es\/fruta\/\"},{\"@type\":\"ListItem\",\"position\":3,\"name\":\"Granada\"}]},{\"@type\":\"WebSite\",\"@id\":\"https:\/\/exquisitefruits.com\/#website\",\"url\":\"https:\/\/exquisitefruits.com\/\",\"name\":\"Exquisite Fruits\",\"description\":\"Exportaci\u00f3n de fruta y verdura\",\"potentialAction\":[{\"@type\":\"SearchAction\",\"target\":{\"@type\":\"EntryPoint\",\"urlTemplate\":\"https:\/\/exquisitefruits.com\/?s={search_term_string}\"},\"query-input\":\"required name=search_term_string\"}],\"inLanguage\":\"es\"}]}<\/script>\n<!-- \/ Yoast SEO plugin. -->","yoast_head_json":{"title":"Granada - Exquisite Fruits","robots":{"index":"index","follow":"follow","max-snippet":"max-snippet:-1","max-image-preview":"max-image-preview:large","max-video-preview":"max-video-preview:-1"},"canonical":"https:\/\/exquisitefruits.com\/es\/fruta\/granada\/","og_locale":"es_ES","og_type":"article","og_title":"Granada - Exquisite Fruits","og_description":"GRANADA La granada es una de las frutas que m\u00e1s propiedades tiene. Tiene alto contenido de vitamina C, adem\u00e1s de vitamina B5\u00a0 vitamina A, vitamina E y \u00e1cido f\u00f3lico. Adem\u00e1s, tiene altos niveles de antioxidantes, los cuales combaten los radicales libres e impiden el envejecimiento celular. Se usan diversas partes de la fruta para tratar [&hellip;]","og_url":"https:\/\/exquisitefruits.com\/es\/fruta\/granada\/","og_site_name":"Exquisite Fruits","article_publisher":"https:\/\/www.facebook.com\/ExquisiteFruits","article_modified_time":"2020-12-18T00:22:17+00:00","twitter_card":"summary_large_image","twitter_site":"@ExquisiteFruits","twitter_misc":{"Tiempo de lectura":"2 minutos"},"schema":{"@context":"https:\/\/schema.org","@graph":[{"@type":"WebPage","@id":"https:\/\/exquisitefruits.com\/es\/fruta\/granada\/","url":"https:\/\/exquisitefruits.com\/es\/fruta\/granada\/","name":"Granada - Exquisite Fruits","isPartOf":{"@id":"https:\/\/exquisitefruits.com\/#website"},"datePublished":"2020-11-09T13:46:56+00:00","dateModified":"2020-12-18T00:22:17+00:00","breadcrumb":{"@id":"https:\/\/exquisitefruits.com\/es\/fruta\/granada\/#breadcrumb"},"inLanguage":"es","potentialAction":[{"@type":"ReadAction","target":["https:\/\/exquisitefruits.com\/es\/fruta\/granada\/"]}]},{"@type":"BreadcrumbList","@id":"https:\/\/exquisitefruits.com\/es\/fruta\/granada\/#breadcrumb","itemListElement":[{"@type":"ListItem","position":1,"name":"Portada","item":"https:\/\/exquisitefruits.com\/es\/"},{"@type":"ListItem","position":2,"name":"Fruta","item":"https:\/\/exquisitefruits.com\/es\/fruta\/"},{"@type":"ListItem","position":3,"name":"Granada"}]},{"@type":"WebSite","@id":"https:\/\/exquisitefruits.com\/#website","url":"https:\/\/exquisitefruits.com\/","name":"Exquisite Fruits","description":"Exportaci\u00f3n de fruta y verdura","potentialAction":[{"@type":"SearchAction","target":{"@type":"EntryPoint","urlTemplate":"https:\/\/exquisitefruits.com\/?s={search_term_string}"},"query-input":"required name=search_term_string"}],"inLanguage":"es"}]}},"_links":{"self":[{"href":"https:\/\/exquisitefruits.com\/es\/wp-json\/wp\/v2\/pages\/23272","targetHints":{"allow":["GET"]}}],"collection":[{"href":"https:\/\/exquisitefruits.com\/es\/wp-json\/wp\/v2\/pages"}],"about":[{"href":"https:\/\/exquisitefruits.com\/es\/wp-json\/wp\/v2\/types\/page"}],"author":[{"embeddable":true,"href":"https:\/\/exquisitefruits.com\/es\/wp-json\/wp\/v2\/users\/2"}],"replies":[{"embeddable":true,"href":"https:\/\/exquisitefruits.com\/es\/wp-json\/wp\/v2\/comments?post=23272"}],"version-history":[{"count":10,"href":"https:\/\/exquisitefruits.com\/es\/wp-json\/wp\/v2\/pages\/23272\/revisions"}],"predecessor-version":[{"id":25860,"href":"https:\/\/exquisitefruits.com\/es\/wp-json\/wp\/v2\/pages\/23272\/revisions\/25860"}],"up":[{"embeddable":true,"href":"https:\/\/exquisitefruits.com\/es\/wp-json\/wp\/v2\/pages\/18"}],"wp:attachment":[{"href":"https:\/\/exquisitefruits.com\/es\/wp-json\/wp\/v2\/media?parent=23272"}],"curies":[{"name":"wp","href":"https:\/\/api.w.org\/{rel}","templated":true}]}}