{"id":16,"date":"2020-11-02T15:29:44","date_gmt":"2020-11-02T15:29:44","guid":{"rendered":"https:\/\/exquisitefruits.com\/?page_id=16"},"modified":"2022-11-14T09:03:56","modified_gmt":"2022-11-14T09:03:56","slug":"calidad","status":"publish","type":"page","link":"https:\/\/exquisitefruits.com\/es\/calidad\/","title":{"rendered":"Calidad"},"content":{"rendered":"<p>[et_pb_section fb_built=\u00bb1&#8243; _builder_version=\u00bb4.6.6&#8243; _module_preset=\u00bbdefault\u00bb global_colors_info=\u00bb{}\u00bb][et_pb_row _builder_version=\u00bb4.6.6&#8243; _module_preset=\u00bbdefault\u00bb global_colors_info=\u00bb{}\u00bb][et_pb_column type=\u00bb4_4&#8243; _builder_version=\u00bb4.6.6&#8243; _module_preset=\u00bbdefault\u00bb global_colors_info=\u00bb{}\u00bb][et_pb_text _builder_version=\u00bb4.6.6&#8243; _module_preset=\u00bbdefault\u00bb header_2_font=\u00bb|||on|||||\u00bb header_2_text_align=\u00bbcenter\u00bb header_2_text_color=\u00bb#000000&#8243; global_colors_info=\u00bb{}\u00bb]<\/p>\n<h2 class=\"content-section-subtitle\">EXQUISITE FRUITS, GARANT\u00cdA DE CALIDAD<\/h2>\n<h1 class=\"content-section-title\" style=\"text-align: center;\">DEPARTAMENTO DE CALIDAD Y CERTIFICACIONES<\/h1>\n<p>[\/et_pb_text][\/et_pb_column][\/et_pb_row][\/et_pb_section][et_pb_section fb_built=\u00bb1&#8243; _builder_version=\u00bb4.6.1&#8243; _module_preset=\u00bbdefault\u00bb custom_padding=\u00bb0px||0px||true|\u00bb global_colors_info=\u00bb{}\u00bb][et_pb_row column_structure=\u00bb1_2,1_2&#8243; use_custom_gutter=\u00bbon\u00bb gutter_width=\u00bb1&#8243; make_equal=\u00bbon\u00bb _builder_version=\u00bb4.6.6&#8243; _module_preset=\u00bbdefault\u00bb width=\u00bb100%\u00bb max_width=\u00bb100%\u00bb custom_padding=\u00bb0px||0px||true|\u00bb global_colors_info=\u00bb{}\u00bb][et_pb_column type=\u00bb1_2&#8243; _builder_version=\u00bb4.6.6&#8243; _module_preset=\u00bbdefault\u00bb background_image=\u00bbhttps:\/\/exquisitefruits.com\/wp-content\/uploads\/2020\/11\/exquisite-fruits-calidad-1024&#215;683-1.jpg\u00bb background_position=\u00bbtop_center\u00bb animation_style=\u00bbfade\u00bb animation_direction=\u00bbleft\u00bb animation_delay=\u00bb500ms\u00bb global_colors_info=\u00bb{}\u00bb][et_pb_divider show_divider=\u00bboff\u00bb _builder_version=\u00bb4.6.1&#8243; _module_preset=\u00bbdefault\u00bb custom_padding=\u00bb||||true|false\u00bb custom_padding_tablet=\u00bb40%||40%||true|false\u00bb custom_padding_phone=\u00bb50%||50%||true|false\u00bb custom_padding_last_edited=\u00bbon|phone\u00bb global_colors_info=\u00bb{}\u00bb][\/et_pb_divider][\/et_pb_column][et_pb_column type=\u00bb1_2&#8243; _builder_version=\u00bb4.6.1&#8243; _module_preset=\u00bbdefault\u00bb background_color=\u00bb#FCFCFC\u00bb custom_padding=\u00bb13vh|13vh|13vh|13vh|true|true\u00bb custom_padding_tablet=\u00bb100px|50px|100px|50px|true|true\u00bb custom_padding_phone=\u00bb80px|30px|80px|30px|true|true\u00bb custom_padding_last_edited=\u00bbon|phone\u00bb animation_style=\u00bbfade\u00bb animation_delay=\u00bb750ms\u00bb global_colors_info=\u00bb{}\u00bb][et_pb_text _builder_version=\u00bb4.6.6&#8243; _module_preset=\u00bbdefault\u00bb text_font=\u00bbMontserrat||||||||\u00bb text_text_color=\u00bb#181818&#8243; text_font_size=\u00bb14.1px\u00bb text_letter_spacing=\u00bb4px\u00bb text_line_height=\u00bb1em\u00bb global_colors_info=\u00bb{}\u00bb]<\/p>\n<p>Exquiste Fruits<\/p>\n<p>[\/et_pb_text][et_pb_text _builder_version=\u00bb4.6.6&#8243; _module_preset=\u00bbdefault\u00bb text_font=\u00bbMontserrat||||||||\u00bb header_2_font=\u00bb|||on|||||\u00bb header_2_text_align=\u00bbleft\u00bb header_2_font_size=\u00bb30px\u00bb header_3_font=\u00bbCormorant Garamond|700|||||||\u00bb header_3_text_align=\u00bbleft\u00bb header_3_text_color=\u00bb#181818&#8243; header_3_font_size=\u00bb60px\u00bb custom_margin=\u00bb25px||||false|false\u00bb header_3_font_size_tablet=\u00bb\u00bb header_3_font_size_phone=\u00bb40px\u00bb header_3_font_size_last_edited=\u00bbon|phone\u00bb global_colors_info=\u00bb{}\u00bb]<\/p>\n<h2>LA CALIDAD ES LO PRIMERO<\/h2>\n<p>[\/et_pb_text][et_pb_text _builder_version=\u00bb4.6.6&#8243; _module_preset=\u00bbdefault\u00bb text_font_size=\u00bb15px\u00bb global_colors_info=\u00bb{}\u00bb]<\/p>\n<p><span>Para Exquisite Fruits,\u00a0<\/span><strong>la calidad es lo primero<\/strong><span>, nos preocupa la calidad de todos nuestros productos y que lleguen a su destino manteniendo \u00edntegramente sus propiedades, sabor y en las mejores condiciones. Para ello, desde nuestro departamento de calidad, se realiza una labor exhaustiva de registro y control que comienza desde el campo y las plantaciones de fruta, pasando por la gesti\u00f3n y registro de pedidos, hasta el env\u00edo final.<\/span><\/p>\n<p>[\/et_pb_text][\/et_pb_column][\/et_pb_row][et_pb_row column_structure=\u00bb1_2,1_2&#8243; use_custom_gutter=\u00bbon\u00bb gutter_width=\u00bb1&#8243; make_equal=\u00bbon\u00bb _builder_version=\u00bb4.6.6&#8243; _module_preset=\u00bbdefault\u00bb width=\u00bb100%\u00bb max_width=\u00bb100%\u00bb custom_padding=\u00bb0px||0px||true|\u00bb global_colors_info=\u00bb{}\u00bb][et_pb_column type=\u00bb1_2&#8243; _builder_version=\u00bb4.6.1&#8243; _module_preset=\u00bbdefault\u00bb background_color=\u00bb#FCFCFC\u00bb custom_padding=\u00bb13vh|13vh|13vh|13vh|true|true\u00bb custom_padding_tablet=\u00bb100px|50px|100px|50px|true|true\u00bb custom_padding_phone=\u00bb80px|30px|80px|30px|true|true\u00bb custom_padding_last_edited=\u00bbon|phone\u00bb animation_style=\u00bbfade\u00bb animation_delay=\u00bb500ms\u00bb border_width_top_tablet=\u00bb1px\u00bb border_width_top_phone=\u00bb1px\u00bb border_width_top_last_edited=\u00bbon|phone\u00bb border_color_top_tablet=\u00bb#181818&#8243; border_color_top_phone=\u00bb#181818&#8243; border_color_top_last_edited=\u00bbon|phone\u00bb global_colors_info=\u00bb{}\u00bb][et_pb_text _builder_version=\u00bb4.6.6&#8243; _module_preset=\u00bbdefault\u00bb text_font=\u00bbMontserrat||||||||\u00bb text_text_color=\u00bb#181818&#8243; text_font_size=\u00bb14.1px\u00bb text_letter_spacing=\u00bb4px\u00bb text_line_height=\u00bb1em\u00bb global_colors_info=\u00bb{}\u00bb]<\/p>\n<p>Exportadores de fruta<\/p>\n<p>[\/et_pb_text][et_pb_text _builder_version=\u00bb4.6.6&#8243; _module_preset=\u00bbdefault\u00bb header_3_font=\u00bbCormorant Garamond|700|||||||\u00bb header_3_text_align=\u00bbleft\u00bb header_3_text_color=\u00bb#181818&#8243; header_3_font_size=\u00bb60px\u00bb custom_margin=\u00bb25px||||false|false\u00bb header_3_font_size_tablet=\u00bb\u00bb header_3_font_size_phone=\u00bb40px\u00bb header_3_font_size_last_edited=\u00bbon|phone\u00bb global_colors_info=\u00bb{}\u00bb]<\/p>\n<h1>EXIGENTES CONTROLES<\/h1>\n<p>[\/et_pb_text][et_pb_text _builder_version=\u00bb4.6.6&#8243; _module_preset=\u00bbdefault\u00bb text_font=\u00bbMontserrat||||||||\u00bb text_text_color=\u00bb#181818&#8243; text_font_size=\u00bb15.7px\u00bb text_line_height=\u00bb2em\u00bb custom_margin=\u00bb25px||||false|false\u00bb global_colors_info=\u00bb{}\u00bb]<\/p>\n<p><strong>Se realizan exigentes controles de producto para verificar la calidad de los mismos<\/strong><span>, as\u00ed como el cumplimiento de todos los registros legales; controles de carga y transporte, envasado y encajado. Adem\u00e1s, tenemos a disposici\u00f3n de nuestros clientes un competente departamento de reclamaciones y sugerencias para solucionar a la mayor brevedad cualquier contrariedad surgida con alguno de nuestros productos, con una capacidad de respuesta inmediata<\/span><\/p>\n<p>[\/et_pb_text][\/et_pb_column][et_pb_column type=\u00bb1_2&#8243; _builder_version=\u00bb4.6.6&#8243; _module_preset=\u00bbdefault\u00bb background_image=\u00bbhttps:\/\/exquisitefruits.com\/wp-content\/uploads\/2020\/11\/micro-kaki.jpg\u00bb background_position=\u00bbtop_center\u00bb animation_style=\u00bbfade\u00bb animation_delay=\u00bb750ms\u00bb global_colors_info=\u00bb{}\u00bb][et_pb_divider show_divider=\u00bboff\u00bb _builder_version=\u00bb4.6.1&#8243; _module_preset=\u00bbdefault\u00bb custom_padding=\u00bb||||true|false\u00bb custom_padding_tablet=\u00bb40%||40%||true|false\u00bb custom_padding_phone=\u00bb50%||50%||true|false\u00bb custom_padding_last_edited=\u00bbon|phone\u00bb global_colors_info=\u00bb{}\u00bb][\/et_pb_divider][\/et_pb_column][\/et_pb_row][et_pb_row column_structure=\u00bb1_2,1_2&#8243; use_custom_gutter=\u00bbon\u00bb gutter_width=\u00bb1&#8243; make_equal=\u00bbon\u00bb _builder_version=\u00bb4.6.6&#8243; _module_preset=\u00bbdefault\u00bb width=\u00bb100%\u00bb max_width=\u00bb100%\u00bb custom_padding=\u00bb0px||0px||true|\u00bb global_colors_info=\u00bb{}\u00bb][et_pb_column type=\u00bb1_2&#8243; _builder_version=\u00bb4.6.6&#8243; _module_preset=\u00bbdefault\u00bb background_image=\u00bbhttps:\/\/exquisitefruits.com\/wp-content\/uploads\/2020\/11\/exquisite-fruits-almacen-1024&#215;657-1.jpg\u00bb background_position=\u00bbtop_center\u00bb animation_style=\u00bbfade\u00bb animation_direction=\u00bbleft\u00bb animation_delay=\u00bb500ms\u00bb global_colors_info=\u00bb{}\u00bb][et_pb_divider show_divider=\u00bboff\u00bb _builder_version=\u00bb4.6.1&#8243; _module_preset=\u00bbdefault\u00bb custom_padding=\u00bb||||true|false\u00bb custom_padding_tablet=\u00bb40%||40%||true|false\u00bb custom_padding_phone=\u00bb50%||50%||true|false\u00bb custom_padding_last_edited=\u00bbon|phone\u00bb global_colors_info=\u00bb{}\u00bb][\/et_pb_divider][\/et_pb_column][et_pb_column type=\u00bb1_2&#8243; _builder_version=\u00bb4.6.1&#8243; _module_preset=\u00bbdefault\u00bb background_color=\u00bb#FCFCFC\u00bb custom_padding=\u00bb13vh|13vh|13vh|13vh|true|true\u00bb custom_padding_tablet=\u00bb100px|50px|100px|50px|true|true\u00bb custom_padding_phone=\u00bb80px|30px|80px|30px|true|true\u00bb custom_padding_last_edited=\u00bbon|phone\u00bb animation_style=\u00bbfade\u00bb animation_delay=\u00bb750ms\u00bb global_colors_info=\u00bb{}\u00bb][et_pb_text _builder_version=\u00bb4.6.6&#8243; _module_preset=\u00bbdefault\u00bb text_font=\u00bbMontserrat||||||||\u00bb text_text_color=\u00bb#181818&#8243; text_font_size=\u00bb14.1px\u00bb text_letter_spacing=\u00bb4px\u00bb text_line_height=\u00bb1em\u00bb global_colors_info=\u00bb{}\u00bb]<\/p>\n<p>Somos productores<\/p>\n<p>[\/et_pb_text][et_pb_text _builder_version=\u00bb4.6.6&#8243; _module_preset=\u00bbdefault\u00bb text_font=\u00bbMontserrat||||||||\u00bb header_2_font=\u00bb|||on|||||\u00bb header_2_text_align=\u00bbleft\u00bb header_2_font_size=\u00bb30px\u00bb header_3_font=\u00bbCormorant Garamond|700|||||||\u00bb header_3_text_align=\u00bbleft\u00bb header_3_text_color=\u00bb#181818&#8243; header_3_font_size=\u00bb60px\u00bb custom_margin=\u00bb25px||||false|false\u00bb header_3_font_size_tablet=\u00bb\u00bb header_3_font_size_phone=\u00bb40px\u00bb header_3_font_size_last_edited=\u00bbon|phone\u00bb global_colors_info=\u00bb{}\u00bb]<\/p>\n<h2>Constante desarrollo y evoluci\u00f3n<\/h2>\n<p>[\/et_pb_text][et_pb_text _builder_version=\u00bb4.6.6&#8243; _module_preset=\u00bbdefault\u00bb text_font_size=\u00bb15px\u00bb global_colors_info=\u00bb{}\u00bb]<\/p>\n<p><strong>Exquisite Fruits es una empresa en constante desarrollo y evoluci\u00f3n<\/strong><span>\u00a0pero siempre mantenemos el mismo objetivo: la valoraci\u00f3n positiva de nuestros clientes y obtener una confianza total en nuestros productos y servicios; y sabemos que solo lo lograremos ofreciendo la m\u00e1xima calidad.<\/span><\/p>\n<p>[\/et_pb_text][\/et_pb_column][\/et_pb_row][\/et_pb_section][et_pb_section fb_built=\u00bb1&#8243; _builder_version=\u00bb4.6.6&#8243; _module_preset=\u00bbdefault\u00bb background_enable_image=\u00bboff\u00bb custom_padding=\u00bb||||true|false\u00bb global_colors_info=\u00bb{}\u00bb][et_pb_row _builder_version=\u00bb4.6.6&#8243; _module_preset=\u00bbdefault\u00bb custom_padding=\u00bb||||false|false\u00bb global_colors_info=\u00bb{}\u00bb][et_pb_column type=\u00bb4_4&#8243; _builder_version=\u00bb4.6.6&#8243; _module_preset=\u00bbdefault\u00bb global_colors_info=\u00bb{}\u00bb][et_pb_text _builder_version=\u00bb4.6.6&#8243; _module_preset=\u00bbdefault\u00bb text_font=\u00bb|600||on|||||\u00bb text_font_size=\u00bb26px\u00bb header_font_size=\u00bb35px\u00bb text_orientation=\u00bbcenter\u00bb global_colors_info=\u00bb{}\u00bb]<\/p>\n<h1 class=\"content-section-title\">CERTIFICACIONES<\/h1>\n<p>[\/et_pb_text][et_pb_divider divider_position=\u00bbcenter\u00bb divider_weight=\u00bb4px\u00bb _builder_version=\u00bb4.6.6&#8243; _module_preset=\u00bbdefault\u00bb width=\u00bb20%\u00bb module_alignment=\u00bbcenter\u00bb global_colors_info=\u00bb{}\u00bb][\/et_pb_divider][\/et_pb_column][\/et_pb_row][et_pb_row column_structure=\u00bb1_4,1_4,1_4,1_4&#8243; _builder_version=\u00bb4.6.6&#8243; _module_preset=\u00bbdefault\u00bb global_colors_info=\u00bb{}\u00bb][et_pb_column type=\u00bb1_4&#8243; _builder_version=\u00bb4.6.6&#8243; _module_preset=\u00bbdefault\u00bb global_colors_info=\u00bb{}\u00bb][et_pb_image src=\u00bbhttps:\/\/exquisitefruits.com\/wp-content\/uploads\/2020\/11\/sello-01.png\u00bb title_text=\u00bbsello-01&#8243; align=\u00bbcenter\u00bb _builder_version=\u00bb4.6.6&#8243; _module_preset=\u00bbdefault\u00bb global_colors_info=\u00bb{}\u00bb][\/et_pb_image][\/et_pb_column][et_pb_column type=\u00bb1_4&#8243; _builder_version=\u00bb4.6.6&#8243; _module_preset=\u00bbdefault\u00bb global_colors_info=\u00bb{}\u00bb][et_pb_image src=\u00bbhttps:\/\/exquisitefruits.com\/wp-content\/uploads\/2022\/11\/CAECV-Sello-CertificacionCMYK2CS.jpg\u00bb title_text=\u00bbCAECV-Sello-CertificacionCMYK2(CS)\u00bb align=\u00bbcenter\u00bb _builder_version=\u00bb4.14.9&#8243; _module_preset=\u00bbdefault\u00bb hover_enabled=\u00bb0&#8243; global_colors_info=\u00bb{}\u00bb width=\u00bb53%\u00bb sticky_enabled=\u00bb0&#8243;][\/et_pb_image][\/et_pb_column][et_pb_column type=\u00bb1_4&#8243; _builder_version=\u00bb4.6.6&#8243; _module_preset=\u00bbdefault\u00bb global_colors_info=\u00bb{}\u00bb][et_pb_image src=\u00bbhttps:\/\/exquisitefruits.com\/wp-content\/uploads\/2020\/11\/logo-ifs-broker.png\u00bb title_text=\u00bblogo-ifs-broker\u00bb align=\u00bbcenter\u00bb _builder_version=\u00bb4.6.6&#8243; _module_preset=\u00bbdefault\u00bb global_colors_info=\u00bb{}\u00bb][\/et_pb_image][\/et_pb_column][et_pb_column type=\u00bb1_4&#8243; _builder_version=\u00bb4.6.6&#8243; _module_preset=\u00bbdefault\u00bb global_colors_info=\u00bb{}\u00bb][et_pb_image src=\u00bbhttps:\/\/exquisitefruits.com\/wp-content\/uploads\/2022\/04\/GLOBALGAP.jpg\u00bb title_text=\u00bbGLOBALGAP\u00bb align=\u00bbcenter\u00bb _builder_version=\u00bb4.14.9&#8243; _module_preset=\u00bbdefault\u00bb global_colors_info=\u00bb{}\u00bb][\/et_pb_image][\/et_pb_column][\/et_pb_row][et_pb_row column_structure=\u00bb1_4,1_4,1_4,1_4&#8243; _builder_version=\u00bb4.6.6&#8243; _module_preset=\u00bbdefault\u00bb global_colors_info=\u00bb{}\u00bb][et_pb_column type=\u00bb1_4&#8243; _builder_version=\u00bb4.6.6&#8243; _module_preset=\u00bbdefault\u00bb global_colors_info=\u00bb{}\u00bb][et_pb_image src=\u00bbhttps:\/\/exquisitefruits.com\/wp-content\/uploads\/2020\/11\/Spain_endorser.png\u00bb title_text=\u00bbSpain_endorser\u00bb align=\u00bbcenter\u00bb _builder_version=\u00bb4.6.6&#8243; _module_preset=\u00bbdefault\u00bb global_colors_info=\u00bb{}\u00bb][\/et_pb_image][\/et_pb_column][et_pb_column type=\u00bb1_4&#8243; _builder_version=\u00bb4.6.6&#8243; _module_preset=\u00bbdefault\u00bb global_colors_info=\u00bb{}\u00bb][et_pb_image src=\u00bbhttps:\/\/exquisitefruits.com\/wp-content\/uploads\/2022\/10\/2021_CR.jpg\u00bb title_text=\u00bb2021_CR\u00bb align=\u00bbcenter\u00bb _builder_version=\u00bb4.14.9&#8243; _module_preset=\u00bbdefault\u00bb width=\u00bb63%\u00bb min_height=\u00bb100px\u00bb global_colors_info=\u00bb{}\u00bb][\/et_pb_image][\/et_pb_column][et_pb_column type=\u00bb1_4&#8243; _builder_version=\u00bb4.6.6&#8243; _module_preset=\u00bbdefault\u00bb global_colors_info=\u00bb{}\u00bb][\/et_pb_column][et_pb_column type=\u00bb1_4&#8243; _builder_version=\u00bb4.6.6&#8243; _module_preset=\u00bbdefault\u00bb global_colors_info=\u00bb{}\u00bb][\/et_pb_column][\/et_pb_row][et_pb_row _builder_version=\u00bb4.6.6&#8243; _module_preset=\u00bbdefault\u00bb global_colors_info=\u00bb{}\u00bb][et_pb_column type=\u00bb4_4&#8243; _builder_version=\u00bb4.6.6&#8243; _module_preset=\u00bbdefault\u00bb global_colors_info=\u00bb{}\u00bb][et_pb_text _builder_version=\u00bb4.6.6&#8243; _module_preset=\u00bbdefault\u00bb header_2_font=\u00bb|||on|||||\u00bb header_2_text_align=\u00bbcenter\u00bb global_colors_info=\u00bb{}\u00bb]<\/p>\n<h2><span>GARANTIZAMOS LA SEGURIDAD DE NUESTROS PRODUCTOS<\/span><\/h2>\n<p>[\/et_pb_text][\/et_pb_column][\/et_pb_row][\/et_pb_section]<\/p>\n","protected":false},"excerpt":{"rendered":"<p>EXQUISITE FRUITS, GARANT\u00cdA DE CALIDAD DEPARTAMENTO DE CALIDAD Y CERTIFICACIONESExquiste FruitsLA CALIDAD ES LO PRIMEROPara Exquisite Fruits,\u00a0la calidad es lo primero, nos preocupa la calidad de todos nuestros productos y que lleguen a su destino manteniendo \u00edntegramente sus propiedades, sabor y en las mejores condiciones. Para ello, desde nuestro departamento de calidad, se realiza una [&hellip;]<\/p>\n","protected":false},"author":1,"featured_media":0,"parent":0,"menu_order":0,"comment_status":"closed","ping_status":"closed","template":"","meta":{"_et_pb_use_builder":"on","_et_pb_old_content":"","_et_gb_content_width":"","footnotes":""},"class_list":["post-16","page","type-page","status-publish","hentry"],"yoast_head":"<!-- This site is optimized with the Yoast SEO plugin v20.10 - https:\/\/yoast.com\/wordpress\/plugins\/seo\/ -->\n<title>Calidad - Exquisite Fruits<\/title>\n<meta name=\"robots\" content=\"index, follow, max-snippet:-1, max-image-preview:large, max-video-preview:-1\" \/>\n<link rel=\"canonical\" href=\"https:\/\/exquisitefruits.com\/calidad\/\" \/>\n<meta property=\"og:locale\" content=\"es_ES\" \/>\n<meta property=\"og:type\" content=\"article\" \/>\n<meta property=\"og:title\" content=\"Calidad - Exquisite Fruits\" \/>\n<meta property=\"og:description\" content=\"EXQUISITE FRUITS, GARANT\u00cdA DE CALIDAD DEPARTAMENTO DE CALIDAD Y CERTIFICACIONESExquiste FruitsLA CALIDAD ES LO PRIMEROPara Exquisite Fruits,\u00a0la calidad es lo primero, nos preocupa la calidad de todos nuestros productos y que lleguen a su destino manteniendo \u00edntegramente sus propiedades, sabor y en las mejores condiciones. Para ello, desde nuestro departamento de calidad, se realiza una [&hellip;]\" \/>\n<meta property=\"og:url\" content=\"https:\/\/exquisitefruits.com\/calidad\/\" \/>\n<meta property=\"og:site_name\" content=\"Exquisite Fruits\" \/>\n<meta property=\"article:publisher\" content=\"https:\/\/www.facebook.com\/ExquisiteFruits\" \/>\n<meta property=\"article:modified_time\" content=\"2022-11-14T09:03:56+00:00\" \/>\n<meta name=\"twitter:card\" content=\"summary_large_image\" \/>\n<meta name=\"twitter:site\" content=\"@ExquisiteFruits\" \/>\n<meta name=\"twitter:label1\" content=\"Tiempo de lectura\" \/>\n\t<meta name=\"twitter:data1\" content=\"8 minutos\" \/>\n<script type=\"application\/ld+json\" class=\"yoast-schema-graph\">{\"@context\":\"https:\/\/schema.org\",\"@graph\":[{\"@type\":\"WebPage\",\"@id\":\"https:\/\/exquisitefruits.com\/calidad\/\",\"url\":\"https:\/\/exquisitefruits.com\/calidad\/\",\"name\":\"Calidad - Exquisite Fruits\",\"isPartOf\":{\"@id\":\"https:\/\/exquisitefruits.com\/#website\"},\"datePublished\":\"2020-11-02T15:29:44+00:00\",\"dateModified\":\"2022-11-14T09:03:56+00:00\",\"breadcrumb\":{\"@id\":\"https:\/\/exquisitefruits.com\/calidad\/#breadcrumb\"},\"inLanguage\":\"es\",\"potentialAction\":[{\"@type\":\"ReadAction\",\"target\":[\"https:\/\/exquisitefruits.com\/calidad\/\"]}]},{\"@type\":\"BreadcrumbList\",\"@id\":\"https:\/\/exquisitefruits.com\/calidad\/#breadcrumb\",\"itemListElement\":[{\"@type\":\"ListItem\",\"position\":1,\"name\":\"Portada\",\"item\":\"https:\/\/exquisitefruits.com\/es\/\"},{\"@type\":\"ListItem\",\"position\":2,\"name\":\"Calidad\"}]},{\"@type\":\"WebSite\",\"@id\":\"https:\/\/exquisitefruits.com\/#website\",\"url\":\"https:\/\/exquisitefruits.com\/\",\"name\":\"Exquisite Fruits\",\"description\":\"Exportaci\u00f3n de fruta y verdura\",\"potentialAction\":[{\"@type\":\"SearchAction\",\"target\":{\"@type\":\"EntryPoint\",\"urlTemplate\":\"https:\/\/exquisitefruits.com\/?s={search_term_string}\"},\"query-input\":\"required name=search_term_string\"}],\"inLanguage\":\"es\"}]}<\/script>\n<!-- \/ Yoast SEO plugin. -->","yoast_head_json":{"title":"Calidad - Exquisite Fruits","robots":{"index":"index","follow":"follow","max-snippet":"max-snippet:-1","max-image-preview":"max-image-preview:large","max-video-preview":"max-video-preview:-1"},"canonical":"https:\/\/exquisitefruits.com\/calidad\/","og_locale":"es_ES","og_type":"article","og_title":"Calidad - Exquisite Fruits","og_description":"EXQUISITE FRUITS, GARANT\u00cdA DE CALIDAD DEPARTAMENTO DE CALIDAD Y CERTIFICACIONESExquiste FruitsLA CALIDAD ES LO PRIMEROPara Exquisite Fruits,\u00a0la calidad es lo primero, nos preocupa la calidad de todos nuestros productos y que lleguen a su destino manteniendo \u00edntegramente sus propiedades, sabor y en las mejores condiciones. Para ello, desde nuestro departamento de calidad, se realiza una [&hellip;]","og_url":"https:\/\/exquisitefruits.com\/calidad\/","og_site_name":"Exquisite Fruits","article_publisher":"https:\/\/www.facebook.com\/ExquisiteFruits","article_modified_time":"2022-11-14T09:03:56+00:00","twitter_card":"summary_large_image","twitter_site":"@ExquisiteFruits","twitter_misc":{"Tiempo de lectura":"8 minutos"},"schema":{"@context":"https:\/\/schema.org","@graph":[{"@type":"WebPage","@id":"https:\/\/exquisitefruits.com\/calidad\/","url":"https:\/\/exquisitefruits.com\/calidad\/","name":"Calidad - Exquisite Fruits","isPartOf":{"@id":"https:\/\/exquisitefruits.com\/#website"},"datePublished":"2020-11-02T15:29:44+00:00","dateModified":"2022-11-14T09:03:56+00:00","breadcrumb":{"@id":"https:\/\/exquisitefruits.com\/calidad\/#breadcrumb"},"inLanguage":"es","potentialAction":[{"@type":"ReadAction","target":["https:\/\/exquisitefruits.com\/calidad\/"]}]},{"@type":"BreadcrumbList","@id":"https:\/\/exquisitefruits.com\/calidad\/#breadcrumb","itemListElement":[{"@type":"ListItem","position":1,"name":"Portada","item":"https:\/\/exquisitefruits.com\/es\/"},{"@type":"ListItem","position":2,"name":"Calidad"}]},{"@type":"WebSite","@id":"https:\/\/exquisitefruits.com\/#website","url":"https:\/\/exquisitefruits.com\/","name":"Exquisite Fruits","description":"Exportaci\u00f3n de fruta y verdura","potentialAction":[{"@type":"SearchAction","target":{"@type":"EntryPoint","urlTemplate":"https:\/\/exquisitefruits.com\/?s={search_term_string}"},"query-input":"required name=search_term_string"}],"inLanguage":"es"}]}},"_links":{"self":[{"href":"https:\/\/exquisitefruits.com\/es\/wp-json\/wp\/v2\/pages\/16","targetHints":{"allow":["GET"]}}],"collection":[{"href":"https:\/\/exquisitefruits.com\/es\/wp-json\/wp\/v2\/pages"}],"about":[{"href":"https:\/\/exquisitefruits.com\/es\/wp-json\/wp\/v2\/types\/page"}],"author":[{"embeddable":true,"href":"https:\/\/exquisitefruits.com\/es\/wp-json\/wp\/v2\/users\/1"}],"replies":[{"embeddable":true,"href":"https:\/\/exquisitefruits.com\/es\/wp-json\/wp\/v2\/comments?post=16"}],"version-history":[{"count":14,"href":"https:\/\/exquisitefruits.com\/es\/wp-json\/wp\/v2\/pages\/16\/revisions"}],"predecessor-version":[{"id":27583,"href":"https:\/\/exquisitefruits.com\/es\/wp-json\/wp\/v2\/pages\/16\/revisions\/27583"}],"wp:attachment":[{"href":"https:\/\/exquisitefruits.com\/es\/wp-json\/wp\/v2\/media?parent=16"}],"curies":[{"name":"wp","href":"https:\/\/api.w.org\/{rel}","templated":true}]}}